{"id":128,"date":"2015-02-13T16:15:47","date_gmt":"2015-02-13T15:15:47","guid":{"rendered":"http:\/\/ucjgalsace.org\/w\/?page_id=128"},"modified":"2018-02-26T08:29:27","modified_gmt":"2018-02-26T07:29:27","slug":"faites-votre-labo","status":"publish","type":"page","link":"https:\/\/ucjgalsace.org\/cms\/faites-votre-labo\/","title":{"rendered":"Faites votre LABO !"},"content":{"rendered":"<h1>Pour mener vos propres exp\u00e9riences,\u00a0le LABO est \u00e0 votre disposition\u2026<\/h1>\n<p>Depuis 2012, le Groupe Alsace des UCJG-YMCA a lanc\u00e9 le<\/p>\n<p>Une proposition pour pratiquer, exp\u00e9rimenter, jouer avec les r\u00e8gles du jeu, sortir du cadre, d\u00e9couvrir et inventer de nouvelles pratiques d\u2019animation. Essayer et s\u2019essayer dans un cadre bienveillant et s\u00e9curis\u00e9. Faire se rencontrer des acteurs \u00e9ducatifs d\u2019horizons diff\u00e9rents.<\/p>\n<p>VOUS AUSSI, PROPOSEZ UN LABO ! &#8230;<\/p>\n<p>Vous \u00eates animateur, \u00e9ducateur, enseignant, formateur, \u00e9tudiant, parent, travailleur social ou de sant\u00e9, responsable de personnel\u2026 b\u00e9n\u00e9vole ou professionnel\u2026 ou simplement int\u00e9ress\u00e9 par le th\u00e8me\u2026<\/p>\n<p>Vous aimeriez<\/p>\n<ul>\n<li>tester un jeu que vous avez invent\u00e9 ou dont vous avez d\u00e9couvert l\u2019existence,<\/li>\n<li>exp\u00e9rimenter une activit\u00e9 d\u2019expression que vous n\u2019avez jamais pratiqu\u00e9e,<\/li>\n<li>explorer un th\u00e8me en le d\u00e9clinant en diverses activit\u00e9s ou jeux<\/li>\n<li>essayer une d\u00e9marche nouvelle aupr\u00e8s d\u2019un public pour la mettre ensuite en \u0153uvre en situation r\u00e9elle,<\/li>\n<li>discuter avec d\u2019autres personnes d\u2019une id\u00e9e que vous avez eue avant de la mettre en pratique,<\/li>\n<li>v\u00e9rifier que l\u2019activit\u00e9 que vous ne connaissez que \u00ab sur le papier \u00bb est bien faisable\u2026<\/li>\n<\/ul>\n<p>Toute activit\u00e9 dans le domaine \u00e9ducatif est envisageable<\/p>\n<p>Pourvu qu\u2019elle soit propos\u00e9e dans l\u2019id\u00e9e de promouvoir le vivre ensemble, le d\u00e9veloppement de la personne dans toutes ses dimensions, dans un esprit de respect, de responsabilisation\u2026<\/p>\n<p>PRINCIPE :<\/p>\n<p>Une m\u00e9thode d\u2019exp\u00e9rimentation\/formation favorisant les interactions, le t\u00e2tonnement collectif<\/p>\n<p>L\u2019animateur de la s\u00e9ance n\u2019est pas un sp\u00e9cialiste, il vient lui aussi en \u00ab exp\u00e9rimentateur \u00bb<\/p>\n<p>Le programme peut \u00e9voluer en direct, selon les demandes et envies des participants<\/p>\n<p>On pratique puis on r\u00e9fl\u00e9chit ensemble \u00e0 comment \u00ab faire pratiquer \u00bb<\/p>\n<p>On se projette sur le terrain<\/p>\n<p>\u2026ON VOUS AIDE \u00c0 L\u2019ORGANISER<\/p>\n<p>Le Groupe Alsace UCJG-YMCA :<\/p>\n<p>\u00b7 Programme la s\u00e9ance avec vous et trouve un local adapt\u00e9<br \/>\n\u00b7 Aide \u00e0 la pr\u00e9paration de la s\u00e9ance et, si vous le souhaitez, \u00e0 son animation<br \/>\n\u00b7 Diffuse l\u2019information dans le r\u00e9seau LABO et recueille les inscriptions<br \/>\n\u00b7 R\u00e9alise avec vous une fiche technique envoy\u00e9e aux participants apr\u00e8s la s\u00e9ance<\/p>\n<p>PAF de 9 \u20ac ou carte de membre UCJG-YMCA<\/p>\n<p><a href=\"http:\/\/ucjgalsace.org\/cms\/wp-content\/uploads\/2015\/02\/pic25_download.jpg\"><img loading=\"lazy\" decoding=\"async\" class=\"alignnone size-full wp-image-113\" src=\"http:\/\/ucjgalsace.org\/cms\/wp-content\/uploads\/2015\/02\/pic25_download.jpg\" alt=\"pic25_download\" width=\"25\" height=\"25\" \/><\/a>\u00a0T\u00e9l\u00e9charger cette fiche au format PDF :\u00a0<a href=\"http:\/\/ucjgalsace.org\/cms\/wp-content\/uploads\/2015\/02\/Faites-votre-LABO.pdf\">Faites votre LABO<\/a><\/p>\n<!-- AddThis Advanced Settings generic via filter on the_content --><!-- AddThis Share Buttons generic via filter on the_content -->","protected":false},"excerpt":{"rendered":"<p>Pour mener vos propres exp\u00e9riences,\u00a0le LABO est \u00e0 votre disposition\u2026 Depuis 2012, le Groupe Alsace des UCJG-YMCA a lanc\u00e9 le Une proposition pour pratiquer, exp\u00e9rimenter, jouer avec les r\u00e8gles du [&hellip;]<!-- AddThis Advanced Settings generic via filter on get_the_excerpt --><!-- AddThis Share Buttons generic via filter on get_the_excerpt --><\/p>\n","protected":false},"author":1,"featured_media":948,"parent":0,"menu_order":0,"comment_status":"open","ping_status":"open","template":"","meta":{"jetpack_post_was_ever_published":false,"footnotes":""},"class_list":["post-128","page","type-page","status-publish","has-post-thumbnail","hentry"],"jetpack_sharing_enabled":true,"jetpack_shortlink":"https:\/\/wp.me\/P8nbU3-24","_links":{"self":[{"href":"https:\/\/ucjgalsace.org\/cms\/wp-json\/wp\/v2\/pages\/128","targetHints":{"allow":["GET"]}}],"collection":[{"href":"https:\/\/ucjgalsace.org\/cms\/wp-json\/wp\/v2\/pages"}],"about":[{"href":"https:\/\/ucjgalsace.org\/cms\/wp-json\/wp\/v2\/types\/page"}],"author":[{"embeddable":true,"href":"https:\/\/ucjgalsace.org\/cms\/wp-json\/wp\/v2\/users\/1"}],"replies":[{"embeddable":true,"href":"https:\/\/ucjgalsace.org\/cms\/wp-json\/wp\/v2\/comments?post=128"}],"version-history":[{"count":5,"href":"https:\/\/ucjgalsace.org\/cms\/wp-json\/wp\/v2\/pages\/128\/revisions"}],"predecessor-version":[{"id":1270,"href":"https:\/\/ucjgalsace.org\/cms\/wp-json\/wp\/v2\/pages\/128\/revisions\/1270"}],"wp:featuredmedia":[{"embeddable":true,"href":"https:\/\/ucjgalsace.org\/cms\/wp-json\/wp\/v2\/media\/948"}],"wp:attachment":[{"href":"https:\/\/ucjgalsace.org\/cms\/wp-json\/wp\/v2\/media?parent=128"}],"curies":[{"name":"wp","href":"https:\/\/api.w.org\/{rel}","templated":true}]}}