{"id":1674,"date":"2020-06-23T22:51:29","date_gmt":"2020-06-23T21:51:29","guid":{"rendered":"http:\/\/ucjgalsace.org\/cms\/?page_id=1674"},"modified":"2020-06-25T06:51:50","modified_gmt":"2020-06-25T05:51:50","slug":"sejour-jeunes-adultes-ete-2020-1-2-2","status":"publish","type":"page","link":"https:\/\/ucjgalsace.org\/cms\/sejour-jeunes-adultes-ete-2020-1-2-2\/","title":{"rendered":"S\u00e9jour Jeunes Adultes \u00e9t\u00e9 2020"},"content":{"rendered":"<div id=\"pl-1674\"  class=\"panel-layout\" ><div id=\"pg-1674-0\"  class=\"panel-grid panel-no-style\" ><div id=\"pgc-1674-0-0\"  class=\"panel-grid-cell\" ><div id=\"panel-1674-0-0-0\" class=\"so-panel widget widget_sow-hero panel-first-child panel-last-child\" data-index=\"0\" ><div\n\t\t\t\n\t\t\tclass=\"so-widget-sow-hero so-widget-sow-hero-default-1791198de491-1674 so-widget-fittext-wrapper\"\n\t\t\t data-fit-text-compressor=\"0.85\"\n\t\t>\t\t\t\t<div class=\"sow-slider-base\" style=\"display: none\" tabindex=\"0\">\n\t\t\t\t\t<ul\n\t\t\t\t\tclass=\"sow-slider-images\"\n\t\t\t\t\tdata-settings=\"{&quot;pagination&quot;:true,&quot;speed&quot;:800,&quot;timeout&quot;:8000,&quot;paused&quot;:false,&quot;pause_on_hover&quot;:false,&quot;swipe&quot;:true,&quot;nav_always_show_desktop&quot;:&quot;&quot;,&quot;nav_always_show_mobile&quot;:&quot;&quot;,&quot;breakpoint&quot;:&quot;780px&quot;,&quot;unmute&quot;:false,&quot;anchor&quot;:null}\"\n\t\t\t\t\t\t\t\t\t\tdata-anchor-id=\"\"\n\t\t\t\t>\t\t<li class=\"sow-slider-image  sow-slider-image-cover\" style=\"visibility: visible;;background-color: #333333\" >\n\t\t\t\t\t<div class=\"sow-slider-image-container\">\n\t\t\t<div class=\"sow-slider-image-wrapper\">\n\t\t\t\t<h1 style=\"text-align: center\"><span style=\"color: #ffffff\"><strong>Les camps de l'\u00e9t\u00e9<\/strong><\/span><\/h1><div class=\"sow-hero-buttons\" style=\"text-align: center\"><div\n\t\t\t\n\t\t\tclass=\"so-widget-sow-button so-widget-sow-button-flat-5b47567d1eb5\"\n\t\t\t\n\t\t><div class=\"ow-button-base ow-button-align-left\"\n>\n\t\t\t<a\n\t\t\t\t\thref=\"https:\/\/ucjgalsace.org\/cms\/pre-inscription-a-un-camp\/\"\n\t\t\t\t\tclass=\"sowb-button ow-icon-placement-left\" \t>\n\t\t<span>\n\t\t\t<span class=\"sow-icon-fontawesome sow-fas\" data-sow-icon=\"&#xf105;\"\n\t\tstyle=\"\" \n\t\taria-hidden=\"true\"><\/span>\n\t\t\tPr\u00e9-inscrire mon enfant\t\t<\/span>\n\t\t\t<\/a>\n\t<\/div>\n<\/div><\/div>\t\t\t<\/div>\n\t\t<\/div>\n\t\t<div class=\"sow-slider-image-overlay sow-slider-image-cover\" style=\"opacity: 0.5;background-image: url(https:\/\/ucjgalsace.org\/cms\/wp-content\/uploads\/2015\/02\/IMG_5585.jpg)\"  ><\/div>\t\t<\/li>\n\t\t<\/ul>\t\t\t\t<ol class=\"sow-slider-pagination\">\n\t\t\t\t\t\t\t\t\t\t\t<li><a href=\"#\" data-goto=\"0\" aria-label=\"Display slide 1\"><\/a><\/li>\n\t\t\t\t\t\t\t\t\t<\/ol>\n\n\t\t\t\t<div class=\"sow-slide-nav sow-slide-nav-next\">\n\t\t\t\t\t<a href=\"#\" data-goto=\"next\" aria-label=\"Next slide\" data-action=\"next\">\n\t\t\t\t\t\t<em class=\"sow-sld-icon-thin-right\"><\/em>\n\t\t\t\t\t<\/a>\n\t\t\t\t<\/div>\n\n\t\t\t\t<div class=\"sow-slide-nav sow-slide-nav-prev\">\n\t\t\t\t\t<a href=\"#\" data-goto=\"previous\" aria-label=\"Previous slide\" data-action=\"prev\">\n\t\t\t\t\t\t<em class=\"sow-sld-icon-thin-left\"><\/em>\n\t\t\t\t\t<\/a>\n\t\t\t\t<\/div>\n\t\t\t\t<\/div><\/div><\/div><\/div><\/div><div id=\"pg-1674-1\"  class=\"panel-grid panel-no-style\" ><div id=\"pgc-1674-1-0\"  class=\"panel-grid-cell panel-grid-cell-empty\" ><\/div><div id=\"pgc-1674-1-1\"  class=\"panel-grid-cell panel-grid-cell-empty\" ><\/div><div id=\"pgc-1674-1-2\"  class=\"panel-grid-cell panel-grid-cell-mobile-last\" ><div id=\"panel-1674-1-2-0\" class=\"so-panel widget widget_sow-image panel-first-child\" data-index=\"1\" ><div\n\t\t\t\n\t\t\tclass=\"so-widget-sow-image so-widget-sow-image-default-8b5b6f678277-1674\"\n\t\t\t\n\t\t>\n<div class=\"sow-image-container\">\n\t\t<img \n\tsrc=\"https:\/\/ucjgalsace.org\/cms\/wp-content\/uploads\/2020\/06\/living-nature-2020-rec-750x500.jpg\" width=\"750\" height=\"500\" srcset=\"https:\/\/ucjgalsace.org\/cms\/wp-content\/uploads\/2020\/06\/living-nature-2020-rec-750x500.jpg 750w, https:\/\/ucjgalsace.org\/cms\/wp-content\/uploads\/2020\/06\/living-nature-2020-rec-272x182.jpg 272w\" sizes=\"(max-width: 750px) 100vw, 750px\" title=\"living nature 2020 rec\" alt=\"\" \t\tclass=\"so-widget-image\"\/>\n\t<\/div>\n\n<\/div><\/div><div id=\"panel-1674-1-2-1\" class=\"so-panel widget widget_sow-editor\" data-index=\"2\" ><div\n\t\t\t\n\t\t\tclass=\"so-widget-sow-editor so-widget-sow-editor-base\"\n\t\t\t\n\t\t><h3 class=\"widget-title\">S\u00e9jour Jeunes Adultes Living Nature<\/h3>\n<div class=\"siteorigin-widget-tinymce textwidget\">\n\t<p>S\u00e9jour pour les jeunes adultes Fran\u00e7ais, Allemands et Arm\u00e9niens de\u00a0 18-30 ans \u00e0 Guillestre (05)<br \/>Du 18 au 27 ao\u00fbt2020<\/p>\n<p>Prix du s\u00e9jour : 200\u20ac<\/p>\n<p>Projet subventionn\u00e9 par l'OFAJ\u00a0 (Frais de transport subventionn\u00e9s)<\/p>\n<\/div>\n<\/div><\/div><div id=\"panel-1674-1-2-2\" class=\"so-panel widget widget_sow-button panel-last-child\" data-index=\"3\" ><div\n\t\t\t\n\t\t\tclass=\"so-widget-sow-button so-widget-sow-button-wire-1cd2e50738cb-1674\"\n\t\t\t\n\t\t><div class=\"ow-button-base ow-button-align-left\"\n>\n\t\t\t<a\n\t\t\t\t\thref=\"http:\/\/ucjgalsace.org\/cms\/wp-content\/uploads\/2020\/06\/Brochure-S\u00e9jours-Jeunes-YMCA-2020-19-living-nature-1.pdf\"\n\t\t\t\t\tclass=\"sowb-button ow-icon-placement-left ow-button-hover\" target=\"_blank\" rel=\"noopener noreferrer\" \t>\n\t\t<span>\n\t\t\t<span class=\"sow-icon-fontawesome sow-fas\" data-sow-icon=\"&#xf105;\"\n\t\tstyle=\"color: #4f4f4f\" \n\t\taria-hidden=\"true\"><\/span>\n\t\t\tFlyer\t\t<\/span>\n\t\t\t<\/a>\n\t<\/div>\n<\/div><\/div><\/div><div id=\"pgc-1674-1-3\"  class=\"panel-grid-cell panel-grid-cell-empty\" ><\/div><\/div><div id=\"pg-1674-2\"  class=\"panel-grid panel-no-style\" ><div id=\"pgc-1674-2-0\"  class=\"panel-grid-cell\" ><div id=\"panel-1674-2-0-0\" class=\"so-panel widget widget_sow-button panel-first-child\" data-index=\"4\" ><div\n\t\t\t\n\t\t\tclass=\"so-widget-sow-button so-widget-sow-button-flat-0d56867f686f-1674\"\n\t\t\t\n\t\t><div class=\"ow-button-base ow-button-align-center\"\n>\n\t\t\t<a\n\t\t\t\t\thref=\"http:\/\/ucjgalsace.org\/cms\/wp-content\/uploads\/2020\/06\/fiche-dinscription-s\u00e9jour-JA-Guillestre-2020-1.pdf\"\n\t\t\t\t\tclass=\"sowb-button ow-icon-placement-left ow-button-hover\" \t>\n\t\t<span>\n\t\t\t<span class=\"sow-icon-fontawesome sow-fas\" data-sow-icon=\"&#xf105;\"\n\t\tstyle=\"color: #4f4f4f\" \n\t\taria-hidden=\"true\"><\/span>\n\t\t\tT\u00e9l\u00e9charger la fiche d'inscription\t\t<\/span>\n\t\t\t<\/a>\n\t<\/div>\n<\/div><\/div><div id=\"panel-1674-2-0-1\" class=\"so-panel widget widget_sow-button panel-last-child\" data-index=\"5\" ><div\n\t\t\t\n\t\t\tclass=\"so-widget-sow-button so-widget-sow-button-flat-0d56867f686f-1674\"\n\t\t\t\n\t\t><div class=\"ow-button-base ow-button-align-center\"\n>\n\t\t\t<a\n\t\t\t\t\thref=\"http:\/\/ucjgalsace.org\/cms\/wp-content\/uploads\/2019\/03\/Fiche_sanitaire-cerfa-n\u00b085-0233.pdf\"\n\t\t\t\t\tclass=\"sowb-button ow-icon-placement-left ow-button-hover\" target=\"_blank\" rel=\"noopener noreferrer\" \t>\n\t\t<span>\n\t\t\t<span class=\"sow-icon-fontawesome sow-fas\" data-sow-icon=\"&#xf105;\"\n\t\tstyle=\"color: #4f4f4f\" \n\t\taria-hidden=\"true\"><\/span>\n\t\t\tT\u00e9l\u00e9charger la fiche sanitaire de liaison\t\t<\/span>\n\t\t\t<\/a>\n\t<\/div>\n<\/div><\/div><\/div><\/div><\/div><!-- AddThis Advanced Settings generic via filter on the_content --><!-- AddThis Share Buttons generic via filter on the_content -->","protected":false},"excerpt":{"rendered":"<p>S\u00e9jour pour les jeunes adultes Fran\u00e7ais, Allemands et Arm\u00e9niens de\u00a0 18-30 ans \u00e0 Guillestre (05)Du 18 au 27 ao\u00fbt2020Prix du s\u00e9jour : 200\u20acProjet subventionn\u00e9 par l&rsquo;OFAJ\u00a0 (Frais de transport subventionn\u00e9s)<!-- AddThis Advanced Settings generic via filter on get_the_excerpt --><!-- AddThis Share Buttons generic via filter on get_the_excerpt --><\/p>\n","protected":false},"author":4,"featured_media":948,"parent":0,"menu_order":0,"comment_status":"open","ping_status":"open","template":"","meta":{"jetpack_post_was_ever_published":false,"footnotes":""},"class_list":["post-1674","page","type-page","status-publish","has-post-thumbnail","hentry"],"jetpack_sharing_enabled":true,"jetpack_shortlink":"https:\/\/wp.me\/P8nbU3-r0","_links":{"self":[{"href":"https:\/\/ucjgalsace.org\/cms\/wp-json\/wp\/v2\/pages\/1674","targetHints":{"allow":["GET"]}}],"collection":[{"href":"https:\/\/ucjgalsace.org\/cms\/wp-json\/wp\/v2\/pages"}],"about":[{"href":"https:\/\/ucjgalsace.org\/cms\/wp-json\/wp\/v2\/types\/page"}],"author":[{"embeddable":true,"href":"https:\/\/ucjgalsace.org\/cms\/wp-json\/wp\/v2\/users\/4"}],"replies":[{"embeddable":true,"href":"https:\/\/ucjgalsace.org\/cms\/wp-json\/wp\/v2\/comments?post=1674"}],"version-history":[{"count":11,"href":"https:\/\/ucjgalsace.org\/cms\/wp-json\/wp\/v2\/pages\/1674\/revisions"}],"predecessor-version":[{"id":1717,"href":"https:\/\/ucjgalsace.org\/cms\/wp-json\/wp\/v2\/pages\/1674\/revisions\/1717"}],"wp:featuredmedia":[{"embeddable":true,"href":"https:\/\/ucjgalsace.org\/cms\/wp-json\/wp\/v2\/media\/948"}],"wp:attachment":[{"href":"https:\/\/ucjgalsace.org\/cms\/wp-json\/wp\/v2\/media?parent=1674"}],"curies":[{"name":"wp","href":"https:\/\/api.w.org\/{rel}","templated":true}]}}