{"id":1816,"date":"2022-01-05T15:39:01","date_gmt":"2022-01-05T14:39:01","guid":{"rendered":"http:\/\/ucjgalsace.org\/cms\/?page_id=1816"},"modified":"2022-02-03T20:29:27","modified_gmt":"2022-02-03T19:29:27","slug":"prix-2022-et-aides-financieres-aux-vacances","status":"publish","type":"page","link":"https:\/\/ucjgalsace.org\/cms\/les-camps-dete-2022-2\/prix-2022-et-aides-financieres-aux-vacances\/","title":{"rendered":"Prix 2022 et aides financi\u00e8res aux vacances"},"content":{"rendered":"<p><strong>*Prix<\/strong> : ils sont indicatifs sur la base de 2021 et ils sont susceptibles d&rsquo;\u00eatre modifi\u00e9s pour des motifs li\u00e9s \u00e0 la crise covid et selon les aides mises en places par l&rsquo;Etat.<\/p>\n<p>Selon votre situation, des aides financi\u00e8res : <strong>CAF, <\/strong><strong>colos apprenantes**, ANCV, <\/strong>bon ville, comit\u00e9 d&rsquo;entreprises, , &#8230;.peuvent vous \u00eatre accord\u00e9es pour financer le s\u00e9jour. <strong>Quelque soit votre situation, contactez-nous pour conna\u00eetre les aides aux vacances ! <\/strong><\/p>\n<p>&nbsp;<\/p>\n<p><strong>** \u00ab\u00a0Colos apprenantes\u00a0\u00bb<\/strong><\/p>\n<p>\u00ab\u00a0Colos apprenantes\u00a0\u00bb est un dispositif lanc\u00e9 par l&rsquo;Etat en 2020\u00a0 :Les \u00ab\u00a0Colos apprenantes\u00a0\u00bb s\u2019inscrivent dans l\u2019op\u00e9ration \u00ab\u00a0Vacances apprenantes\u00a0\u00bb qui a pour objectif de r\u00e9pondre au besoin d&rsquo;exp\u00e9riences collectives et de remobilisation des savoirs apr\u00e8s les p\u00e9riodes de confinement qu&rsquo;a connu notre pays. Elles ont \u00e9t\u00e9 reconduites pendant les vacances d&rsquo;\u00e9t\u00e9 2021 et seront probablement reconduit en 2022. Les familles \u00e9ligibles b\u00e9n\u00e9ficient d&rsquo;une aide de l&rsquo;Etat.<\/p>\n<p>Les \u00ab\u00a0Colos apprenantes\u00a0\u00bb\u00a0sont<strong> propos\u00e9es par les organisateurs de colonies de vacances<\/strong> : association d\u2019\u00e9ducation populaire, collectivit\u00e9 territoriale, structures priv\u00e9es, comit\u00e9 d\u2019entreprise. Elles b\u00e9n\u00e9ficient d\u2019un label d\u00e9livr\u00e9 par l\u2019\u00c9tat et proposent des formules associant renforcement des apprentissages et activit\u00e9s de loisirs autour de la culture, du sport et du d\u00e9veloppement durable.Elles offrent la possibilit\u00e9 aux enfants et aux jeunes\u00a0de renforcer savoirs et comp\u00e9tences dans un cadre ludique et de pr\u00e9parer ainsi dans de bonnes conditions la rentr\u00e9e prochaine.<\/p>\n<p>Les colonies et camps <strong>YMCA UCJG Alsace labelis\u00e9s \u00ab\u00a0Colos apprenantes\u00a0\u00bb<\/strong> : nous solliciterons \u00e0 nouveau le Label\u00a0 aupr\u00e8s du Minist\u00e8re de l&rsquo;Education Nationale (Label obtenu en 2020 et 2021)<\/p>\n<p><strong>Familles \u00e9ligibles \u00e0 \u00ab\u00a0Colos apprenantes\u00a0\u00bb<\/strong> : les modalit\u00e9s seront connues ult\u00e9rieurement. Nous vous invitons <span style=\"text-decoration: underline;\">a bien renseigner la fiche d&rsquo;inscription<\/span> : adresse, situation de famille et profession, quotient familial, &#8230;..pour vous orienter vers un\u00a0 Prescripteur qui v\u00e9rifiera l&rsquo;\u00e9ligibilit\u00e9 de votre enfant.<\/p>\n<p>Je pr\u00e9-inscrit mon enfant : <a href=\"http:\/\/ucjgalsace.org\/cms\/pre-inscription-a-un-camp\/\">http:\/\/ucjgalsace.org\/cms\/pre-inscription-a-un-camp\/<\/a><\/p>\n<!-- AddThis Advanced Settings generic via filter on the_content --><!-- AddThis Share Buttons generic via filter on the_content -->","protected":false},"excerpt":{"rendered":"<p>*Prix : ils sont indicatifs sur la base de 2021 et ils sont susceptibles d&rsquo;\u00eatre modifi\u00e9s pour des motifs li\u00e9s \u00e0 la crise covid et selon les aides mises en [&hellip;]<!-- AddThis Advanced Settings generic via filter on get_the_excerpt --><!-- AddThis Share Buttons generic via filter on get_the_excerpt --><\/p>\n","protected":false},"author":4,"featured_media":1209,"parent":1807,"menu_order":0,"comment_status":"closed","ping_status":"closed","template":"","meta":{"jetpack_post_was_ever_published":false,"footnotes":""},"class_list":["post-1816","page","type-page","status-publish","has-post-thumbnail","hentry"],"jetpack_sharing_enabled":true,"jetpack_shortlink":"https:\/\/wp.me\/P8nbU3-ti","_links":{"self":[{"href":"https:\/\/ucjgalsace.org\/cms\/wp-json\/wp\/v2\/pages\/1816","targetHints":{"allow":["GET"]}}],"collection":[{"href":"https:\/\/ucjgalsace.org\/cms\/wp-json\/wp\/v2\/pages"}],"about":[{"href":"https:\/\/ucjgalsace.org\/cms\/wp-json\/wp\/v2\/types\/page"}],"author":[{"embeddable":true,"href":"https:\/\/ucjgalsace.org\/cms\/wp-json\/wp\/v2\/users\/4"}],"replies":[{"embeddable":true,"href":"https:\/\/ucjgalsace.org\/cms\/wp-json\/wp\/v2\/comments?post=1816"}],"version-history":[{"count":4,"href":"https:\/\/ucjgalsace.org\/cms\/wp-json\/wp\/v2\/pages\/1816\/revisions"}],"predecessor-version":[{"id":1820,"href":"https:\/\/ucjgalsace.org\/cms\/wp-json\/wp\/v2\/pages\/1816\/revisions\/1820"}],"up":[{"embeddable":true,"href":"https:\/\/ucjgalsace.org\/cms\/wp-json\/wp\/v2\/pages\/1807"}],"wp:featuredmedia":[{"embeddable":true,"href":"https:\/\/ucjgalsace.org\/cms\/wp-json\/wp\/v2\/media\/1209"}],"wp:attachment":[{"href":"https:\/\/ucjgalsace.org\/cms\/wp-json\/wp\/v2\/media?parent=1816"}],"curies":[{"name":"wp","href":"https:\/\/api.w.org\/{rel}","templated":true}]}}