{"id":253,"date":"2015-08-21T10:59:37","date_gmt":"2015-08-21T09:59:37","guid":{"rendered":"http:\/\/ucjgalsace.org\/cms\/?page_id=253"},"modified":"2017-02-14T13:24:09","modified_gmt":"2017-02-14T12:24:09","slug":"devenir-benevole","status":"publish","type":"page","link":"https:\/\/ucjgalsace.org\/cms\/devenir-benevole\/","title":{"rendered":"Devenir b\u00e9n\u00e9vole"},"content":{"rendered":"<p>Vous pouvez soutenir nos actions en vous engageant comme b\u00e9n\u00e9vole dans l&rsquo;association.<\/p>\n<p>Les diff\u00e9rentes actions possibles sont:<br \/>\n&#8211; \u00eatre animateur ou directeur lors de nos s\u00e9jours de vacances<br \/>\n&#8211; faire partie du comit\u00e9 et participer aux orientations de l&rsquo;association<br \/>\n&#8211; prendre part \u00e0 l&rsquo;organisation\u00a0 des Labos et autres \u00e9v\u00e8nements (Vide Grenier, Journ\u00e9e colo&rsquo;s, animation avec des enfants et des jeunes&#8230;)<\/p>\n<p><a href=\"http:\/\/ucjgalsace.org\/cms\/wp-content\/uploads\/2015\/08\/DSC00432.jpg\"><img loading=\"lazy\" decoding=\"async\" class=\"alignnone  wp-image-264\" src=\"http:\/\/ucjgalsace.org\/cms\/wp-content\/uploads\/2015\/08\/DSC00432-744x548.jpg\" alt=\"DSC00432\" width=\"236\" height=\"174\" srcset=\"https:\/\/ucjgalsace.org\/cms\/wp-content\/uploads\/2015\/08\/DSC00432-744x548.jpg 744w, https:\/\/ucjgalsace.org\/cms\/wp-content\/uploads\/2015\/08\/DSC00432-420x309.jpg 420w, https:\/\/ucjgalsace.org\/cms\/wp-content\/uploads\/2015\/08\/DSC00432.jpg 800w\" sizes=\"auto, (max-width: 236px) 100vw, 236px\" \/><\/a><a href=\"http:\/\/ucjgalsace.org\/cms\/wp-content\/uploads\/2015\/08\/DSCF8636.jpg\"><img loading=\"lazy\" decoding=\"async\" class=\"alignnone  wp-image-265\" src=\"http:\/\/ucjgalsace.org\/cms\/wp-content\/uploads\/2015\/08\/DSCF8636-744x558.jpg\" alt=\"DSCF8636\" width=\"231\" height=\"174\" srcset=\"https:\/\/ucjgalsace.org\/cms\/wp-content\/uploads\/2015\/08\/DSCF8636-744x558.jpg 744w, https:\/\/ucjgalsace.org\/cms\/wp-content\/uploads\/2015\/08\/DSCF8636-420x315.jpg 420w, https:\/\/ucjgalsace.org\/cms\/wp-content\/uploads\/2015\/08\/DSCF8636-1200x900.jpg 1200w\" sizes=\"auto, (max-width: 231px) 100vw, 231px\" \/><\/a><a href=\"http:\/\/ucjgalsace.org\/cms\/wp-content\/uploads\/2015\/08\/11813341_10207077513880747_776736943459156576_n.jpg\"><img loading=\"lazy\" decoding=\"async\" class=\"alignnone  wp-image-267\" src=\"http:\/\/ucjgalsace.org\/cms\/wp-content\/uploads\/2015\/08\/11813341_10207077513880747_776736943459156576_n-744x350.jpg\" alt=\"11813341_10207077513880747_776736943459156576_n\" width=\"468\" height=\"220\" srcset=\"https:\/\/ucjgalsace.org\/cms\/wp-content\/uploads\/2015\/08\/11813341_10207077513880747_776736943459156576_n-744x350.jpg 744w, https:\/\/ucjgalsace.org\/cms\/wp-content\/uploads\/2015\/08\/11813341_10207077513880747_776736943459156576_n-420x197.jpg 420w, https:\/\/ucjgalsace.org\/cms\/wp-content\/uploads\/2015\/08\/11813341_10207077513880747_776736943459156576_n.jpg 960w\" sizes=\"auto, (max-width: 468px) 100vw, 468px\" \/><\/a><a href=\"http:\/\/ucjgalsace.org\/cms\/wp-content\/uploads\/2015\/08\/P1030783.jpg\"><img loading=\"lazy\" decoding=\"async\" class=\"alignnone  wp-image-262\" src=\"http:\/\/ucjgalsace.org\/cms\/wp-content\/uploads\/2015\/08\/P1030783-744x496.jpg\" alt=\"P1030783\" width=\"245\" height=\"163\" srcset=\"https:\/\/ucjgalsace.org\/cms\/wp-content\/uploads\/2015\/08\/P1030783-744x496.jpg 744w, https:\/\/ucjgalsace.org\/cms\/wp-content\/uploads\/2015\/08\/P1030783-420x280.jpg 420w, https:\/\/ucjgalsace.org\/cms\/wp-content\/uploads\/2015\/08\/P1030783-1200x800.jpg 1200w\" sizes=\"auto, (max-width: 245px) 100vw, 245px\" \/><\/a><a href=\"http:\/\/ucjgalsace.org\/cms\/wp-content\/uploads\/2015\/08\/10999603_10153439224219641_7879518387323875538_n.jpg\"><img loading=\"lazy\" decoding=\"async\" class=\"alignnone  wp-image-266\" src=\"http:\/\/ucjgalsace.org\/cms\/wp-content\/uploads\/2015\/08\/10999603_10153439224219641_7879518387323875538_n-744x558.jpg\" alt=\"10999603_10153439224219641_7879518387323875538_n\" width=\"223\" height=\"167\" srcset=\"https:\/\/ucjgalsace.org\/cms\/wp-content\/uploads\/2015\/08\/10999603_10153439224219641_7879518387323875538_n-744x558.jpg 744w, https:\/\/ucjgalsace.org\/cms\/wp-content\/uploads\/2015\/08\/10999603_10153439224219641_7879518387323875538_n-420x315.jpg 420w, https:\/\/ucjgalsace.org\/cms\/wp-content\/uploads\/2015\/08\/10999603_10153439224219641_7879518387323875538_n.jpg 960w\" sizes=\"auto, (max-width: 223px) 100vw, 223px\" \/><\/a><\/p>\n<!-- AddThis Advanced Settings generic via filter on the_content --><!-- AddThis Share Buttons generic via filter on the_content -->","protected":false},"excerpt":{"rendered":"<p>Vous pouvez soutenir nos actions en vous engageant comme b\u00e9n\u00e9vole dans l&rsquo;association. Les diff\u00e9rentes actions possibles sont: &#8211; \u00eatre animateur ou directeur lors de nos s\u00e9jours de vacances &#8211; faire [&hellip;]<!-- AddThis Advanced Settings generic via filter on get_the_excerpt --><!-- AddThis Share Buttons generic via filter on get_the_excerpt --><\/p>\n","protected":false},"author":4,"featured_media":948,"parent":0,"menu_order":0,"comment_status":"open","ping_status":"open","template":"","meta":{"jetpack_post_was_ever_published":false,"footnotes":""},"class_list":["post-253","page","type-page","status-publish","has-post-thumbnail","hentry"],"jetpack_sharing_enabled":true,"jetpack_shortlink":"https:\/\/wp.me\/P8nbU3-45","_links":{"self":[{"href":"https:\/\/ucjgalsace.org\/cms\/wp-json\/wp\/v2\/pages\/253","targetHints":{"allow":["GET"]}}],"collection":[{"href":"https:\/\/ucjgalsace.org\/cms\/wp-json\/wp\/v2\/pages"}],"about":[{"href":"https:\/\/ucjgalsace.org\/cms\/wp-json\/wp\/v2\/types\/page"}],"author":[{"embeddable":true,"href":"https:\/\/ucjgalsace.org\/cms\/wp-json\/wp\/v2\/users\/4"}],"replies":[{"embeddable":true,"href":"https:\/\/ucjgalsace.org\/cms\/wp-json\/wp\/v2\/comments?post=253"}],"version-history":[{"count":3,"href":"https:\/\/ucjgalsace.org\/cms\/wp-json\/wp\/v2\/pages\/253\/revisions"}],"predecessor-version":[{"id":268,"href":"https:\/\/ucjgalsace.org\/cms\/wp-json\/wp\/v2\/pages\/253\/revisions\/268"}],"wp:featuredmedia":[{"embeddable":true,"href":"https:\/\/ucjgalsace.org\/cms\/wp-json\/wp\/v2\/media\/948"}],"wp:attachment":[{"href":"https:\/\/ucjgalsace.org\/cms\/wp-json\/wp\/v2\/media?parent=253"}],"curies":[{"name":"wp","href":"https:\/\/api.w.org\/{rel}","templated":true}]}}