{"id":256,"date":"2015-08-21T11:02:58","date_gmt":"2015-08-21T10:02:58","guid":{"rendered":"http:\/\/ucjgalsace.org\/cms\/?page_id=256"},"modified":"2020-06-12T16:32:38","modified_gmt":"2020-06-12T15:32:38","slug":"soutien-financier","status":"publish","type":"page","link":"https:\/\/ucjgalsace.org\/cms\/soutien-financier\/","title":{"rendered":"Soutien financier"},"content":{"rendered":"<p>Le Groupe Alsace des Unions Chr\u00e9tiennes de Jeunes Gens est un mouvement de jeunesse, \u0153cum\u00e9nique d&rsquo;inspiration protestante et de fonctionnement la\u00efque.<\/p>\n<p>Par ses diverses actions, qui s&rsquo;inscrivent dans le cadre de l&rsquo;\u00e9ducation populaire, elle touche aussi bien les enfants et les jeunes, que les parents, les animateurs et toute personne qui encadre des enfants ou des jeunes.<\/p>\n<p>Reconnue d&rsquo;utilit\u00e9 publique, l&rsquo;association peut \u00eatre soutenue par des dons d\u00e9ductibles d&rsquo;imp\u00f4ts.<\/p>\n<p>Vous pouvez ainsi soutenir l&rsquo;ensemble de nos actions ou cibler votre don. Vous pouvez par exemple parrainer un enfant ou un jeune en lui offrant tout ou partie d&rsquo;un camp (co\u00fbt d&rsquo;un camp entre 250 et 650\u20ac). Vous pouvez \u00e9galement parrainer un animateur en lui offrant tout ou partie d&rsquo;un stage BAFA (co\u00fbt d&rsquo;une formation entre 300 et 550\u20ac).<\/p>\n<p>Pour cela, cliquez sur <a href=\"https:\/\/www.helloasso.com\/associations\/ymca-ucjg-alsace\/formulaires\/2\/widget\">le lien ici<\/a>.<\/p>\n<!-- AddThis Advanced Settings generic via filter on the_content --><!-- AddThis Share Buttons generic via filter on the_content -->","protected":false},"excerpt":{"rendered":"<p>Le Groupe Alsace des Unions Chr\u00e9tiennes de Jeunes Gens est un mouvement de jeunesse, \u0153cum\u00e9nique d&rsquo;inspiration protestante et de fonctionnement la\u00efque. Par ses diverses actions, qui s&rsquo;inscrivent dans le cadre [&hellip;]<!-- AddThis Advanced Settings generic via filter on get_the_excerpt --><!-- AddThis Share Buttons generic via filter on get_the_excerpt --><\/p>\n","protected":false},"author":4,"featured_media":948,"parent":0,"menu_order":0,"comment_status":"open","ping_status":"open","template":"","meta":{"jetpack_post_was_ever_published":false,"footnotes":""},"class_list":["post-256","page","type-page","status-publish","has-post-thumbnail","hentry"],"jetpack_sharing_enabled":true,"jetpack_shortlink":"https:\/\/wp.me\/P8nbU3-48","_links":{"self":[{"href":"https:\/\/ucjgalsace.org\/cms\/wp-json\/wp\/v2\/pages\/256","targetHints":{"allow":["GET"]}}],"collection":[{"href":"https:\/\/ucjgalsace.org\/cms\/wp-json\/wp\/v2\/pages"}],"about":[{"href":"https:\/\/ucjgalsace.org\/cms\/wp-json\/wp\/v2\/types\/page"}],"author":[{"embeddable":true,"href":"https:\/\/ucjgalsace.org\/cms\/wp-json\/wp\/v2\/users\/4"}],"replies":[{"embeddable":true,"href":"https:\/\/ucjgalsace.org\/cms\/wp-json\/wp\/v2\/comments?post=256"}],"version-history":[{"count":7,"href":"https:\/\/ucjgalsace.org\/cms\/wp-json\/wp\/v2\/pages\/256\/revisions"}],"predecessor-version":[{"id":1658,"href":"https:\/\/ucjgalsace.org\/cms\/wp-json\/wp\/v2\/pages\/256\/revisions\/1658"}],"wp:featuredmedia":[{"embeddable":true,"href":"https:\/\/ucjgalsace.org\/cms\/wp-json\/wp\/v2\/media\/948"}],"wp:attachment":[{"href":"https:\/\/ucjgalsace.org\/cms\/wp-json\/wp\/v2\/media?parent=256"}],"curies":[{"name":"wp","href":"https:\/\/api.w.org\/{rel}","templated":true}]}}