{"id":287,"date":"2015-08-21T12:51:22","date_gmt":"2015-08-21T11:51:22","guid":{"rendered":"http:\/\/ucjgalsace.org\/cms\/?page_id=287"},"modified":"2026-03-23T14:16:06","modified_gmt":"2026-03-23T13:16:06","slug":"la-vision-des-ucjg-ymca-depuis-sa-creation","status":"publish","type":"page","link":"https:\/\/ucjgalsace.org\/cms\/la-vision-des-ucjg-ymca-depuis-sa-creation\/","title":{"rendered":"La vision des YMCA-UCJG depuis sa cr\u00e9ation"},"content":{"rendered":"<h1 style=\"text-align: center;\"><strong>Le mouvement des YMCA<\/strong><\/h1>\n<h2><span style=\"text-decoration: underline;\">La cr\u00e9ation des YMCA<\/span><\/h2>\n<p>Les YMCA constituent le plus ancien et le plus important mouvement associatif d\u00e9di\u00e9 \u00e0 la jeunesse au monde, disposant d&rsquo;un si\u00e8ge permanent aux Nations Unies depuis 1947.<\/p>\n<p>Londres, 1844 : George Williams, 23 ans, cr\u00e9e la premi\u00e8re YMCA pour que les jeunes venus comme lui travailler dans la capitale, dans le contexte de la r\u00e9volution industrielle, puissent s&rsquo;entraider. D\u00e8s les premi\u00e8res ann\u00e9es, les YMCA connaissent un d\u00e9veloppement spectaculaire, sur les cinq continents.<\/p>\n<p>1852 : les premi\u00e8res UCJG (d\u00e9nomination fran\u00e7aise) ouvrent \u00e0 Paris, N\u00eemes, Strasbourg, \u00e0 l&rsquo;initiative de jeunes protestants.<\/p>\n<p>Paris, 1855 : L&rsquo;Alliance universelle des YMCA est cr\u00e9\u00e9e.<\/p>\n<p>S&rsquo;adressant aux jeunes, elles ont progressivement d\u00e9velopp\u00e9 des programmes destin\u00e9s aux adultes vuln\u00e9rables, avec l&rsquo;objectif de r\u00e9tablir l&rsquo;\u00e9galit\u00e9 des chances. En France, l&rsquo;Alliance Nationale des YMCA, association reconnue d&rsquo;utilit\u00e9 publique, f\u00e9d\u00e8re 23 associations qui interviennent dans deux domaines : le tourisme et l&rsquo;\u00e9ducation populaire (centres de s\u00e9jours, organisation de s\u00e9jours pour les jeunes, activit\u00e9s culturelles) et l&rsquo;insertion (logement, emploi, formation).<\/p>\n<h2><span style=\"text-decoration: underline;\">Les valeurs partag\u00e9es<\/span><\/h2>\n<p>Au-del\u00e0 de la diversit\u00e9 des programmes, les valeurs partag\u00e9es constituent un lien solide qui f\u00e9d\u00e8re le r\u00e9seau, En France comme dans le monde :<\/p>\n<h4><strong>YMCA empoweringyoung people<\/strong><\/h4>\n<p>La d\u00e9marche des YMCA se r\u00e9f\u00e8re au concept d&#8217;empowerment : \u00e0 travers l&rsquo;organisation mise en place, les pratiques d&rsquo;accompagnement, les activit\u00e9s propos\u00e9es, il s&rsquo;agit de permettre \u00e0 chacun de prendre conscience de son potentiel et de d\u00e9ployer ses talents pour \u00eatre acteur de sa propre vie, confiant de pouvoir contribuer \u00e0 construire un monde plus juste et plus solidaire.<\/p>\n<table style=\"height: 170px;\" width=\"473\">\n<tbody>\n<tr>\n<td><img loading=\"lazy\" decoding=\"async\" class=\"pull-right alignnone\" src=\"http:\/\/www.ymca-rocheton.fr\/images\/photos\/ymca\/triangle.jpg\" alt=\"\" width=\"203\" height=\"133\" \/><\/td>\n<td><strong>Une approche holistique et un accompagnement individualis\u00e9<\/strong>, que traduit le triangle dans le logo :<br \/>\nLe mouvement s&rsquo;attache au d\u00e9veloppement harmonieux de la personne sur les plans intellectuel, spirituel et physique.<\/td>\n<\/tr>\n<\/tbody>\n<\/table>\n<h4><strong>Une vision positive et constructive du monde<\/strong><\/h4>\n<p>Les YMCA sont ouvertes sur le monde, consid\u00e8rent la diff\u00e9rence comme une richesse et favorisent le dialogue dans un esprit constructif. Elles placent l&rsquo;autonomie et la responsabilit\u00e9 individuelle au c\u0153ur de nos programmes.<\/p>\n<h2><span style=\"text-decoration: underline;\"><strong>Pionni\u00e8res d&rsquo;initiatives en mati\u00e8re d&rsquo;\u00e9ducation et d&rsquo;entraide<\/strong><\/span><\/h2>\n<h5><strong>Les YMCA ont lanc\u00e9 :<\/strong><\/h5>\n<p>&#8211; les premi\u00e8res rencontres internationales \u0153cum\u00e9niques (Paris, 1855)<br \/>\n&#8211; le scoutisme unioniste (1911) et le camping<br \/>\n&#8211; le basketball (1891 aux Etats-Unis et 1893 en France)<br \/>\n&#8211; le volley-ball (1895 aux Etats-Unis et 1918 en France)<\/p>\n<h5><strong>Elles sont membres fondateurs :<\/strong><\/h5>\n<p>&#8211; de la <a href=\"www.lacimade.org\/\" target=\"_blank\" rel=\"noopener\">Cimade<\/a><br \/>\n&#8211; de l&rsquo;<a href=\"http:\/\/www.ucpa-vacances.com\/\" target=\"_blank\" rel=\"noopener\">Union des Centres de Plein Air<\/a> (UCPA)<br \/>\n&#8211; du <a href=\"http:\/\/jeunes.protestants.org\/\" target=\"_blank\" rel=\"noopener\">D\u00e9partement Jeunesse de la F\u00e9d\u00e9ration Protestante de France<\/a><br \/>\n&#8211; de <a href=\"https:\/\/www.france-volontaires.org\/\" target=\"_blank\" rel=\"noopener\">France Volontaires<\/a> (anciennement d\u00e9nomm\u00e9 les volontaires du progr\u00e8s)<br \/>\n&#8211; du <a href=\"www.cnajep.asso.fr\/\" target=\"_blank\" rel=\"noopener\">CNAJEP<\/a><\/p>\n<!-- AddThis Advanced Settings generic via filter on the_content --><!-- AddThis Share Buttons generic via filter on the_content -->","protected":false},"excerpt":{"rendered":"<p>Le mouvement des YMCA La cr\u00e9ation des YMCA Les YMCA constituent le plus ancien et le plus important mouvement associatif d\u00e9di\u00e9 \u00e0 la jeunesse au monde, disposant d&rsquo;un si\u00e8ge permanent [&hellip;]<!-- AddThis Advanced Settings generic via filter on get_the_excerpt --><!-- AddThis Share Buttons generic via filter on get_the_excerpt --><\/p>\n","protected":false},"author":4,"featured_media":948,"parent":0,"menu_order":0,"comment_status":"open","ping_status":"open","template":"","meta":{"jetpack_post_was_ever_published":false,"footnotes":""},"class_list":["post-287","page","type-page","status-publish","has-post-thumbnail","hentry"],"jetpack_sharing_enabled":true,"jetpack_shortlink":"https:\/\/wp.me\/P8nbU3-4D","_links":{"self":[{"href":"https:\/\/ucjgalsace.org\/cms\/wp-json\/wp\/v2\/pages\/287","targetHints":{"allow":["GET"]}}],"collection":[{"href":"https:\/\/ucjgalsace.org\/cms\/wp-json\/wp\/v2\/pages"}],"about":[{"href":"https:\/\/ucjgalsace.org\/cms\/wp-json\/wp\/v2\/types\/page"}],"author":[{"embeddable":true,"href":"https:\/\/ucjgalsace.org\/cms\/wp-json\/wp\/v2\/users\/4"}],"replies":[{"embeddable":true,"href":"https:\/\/ucjgalsace.org\/cms\/wp-json\/wp\/v2\/comments?post=287"}],"version-history":[{"count":4,"href":"https:\/\/ucjgalsace.org\/cms\/wp-json\/wp\/v2\/pages\/287\/revisions"}],"predecessor-version":[{"id":2425,"href":"https:\/\/ucjgalsace.org\/cms\/wp-json\/wp\/v2\/pages\/287\/revisions\/2425"}],"wp:featuredmedia":[{"embeddable":true,"href":"https:\/\/ucjgalsace.org\/cms\/wp-json\/wp\/v2\/media\/948"}],"wp:attachment":[{"href":"https:\/\/ucjgalsace.org\/cms\/wp-json\/wp\/v2\/media?parent=287"}],"curies":[{"name":"wp","href":"https:\/\/api.w.org\/{rel}","templated":true}]}}