{"id":32,"date":"2015-02-10T14:31:39","date_gmt":"2015-02-10T13:31:39","guid":{"rendered":"http:\/\/ucjgalsace.org\/w\/?page_id=32"},"modified":"2017-02-14T13:21:32","modified_gmt":"2017-02-14T12:21:32","slug":"lassociation","status":"publish","type":"page","link":"https:\/\/ucjgalsace.org\/cms\/lassociation\/","title":{"rendered":"L&rsquo;association"},"content":{"rendered":"<h1>L&rsquo;association en quelques mots cl\u00e9s<\/h1>\n<p><a href=\"http:\/\/ucjgalsace.org\/cms\/wp-content\/uploads\/2015\/02\/peinture.jpg\"><img loading=\"lazy\" decoding=\"async\" class=\"alignnone wp-image-33\" src=\"http:\/\/ucjgalsace.org\/cms\/wp-content\/uploads\/2015\/02\/peinture.jpg\" alt=\"peinture\" width=\"581\" height=\"234\" srcset=\"https:\/\/ucjgalsace.org\/cms\/wp-content\/uploads\/2015\/02\/peinture.jpg 1996w, https:\/\/ucjgalsace.org\/cms\/wp-content\/uploads\/2015\/02\/peinture-420x169.jpg 420w, https:\/\/ucjgalsace.org\/cms\/wp-content\/uploads\/2015\/02\/peinture-744x300.jpg 744w, https:\/\/ucjgalsace.org\/cms\/wp-content\/uploads\/2015\/02\/peinture-1200x483.jpg 1200w\" sizes=\"auto, (max-width: 581px) 100vw, 581px\" \/><\/a><br \/>\n\u00c9ducation populaire, s\u00e9jours de vacances, voyages interculturels, b\u00e9n\u00e9volat, engagement, p\u00e9dagogie, non-violence, d\u00e9couvertes, favoriser l&rsquo;autonomie, rencontres, vivre-ensemble&#8230;<\/p>\n<h2>Les YMCA-UCJG Alsace<\/h2>\n<p>L&rsquo;association des YMCA-UCJG Alsace est une association de jeunesse (d\u2019inspiration protestante et de fonctionnement la\u00efc) qui souhaite, au travers de ses actions et notamment de ses centres de vacances d\u2019\u00e9t\u00e9, promouvoir l\u2019autonomie des personnes, l\u2019apprentissage de la libert\u00e9, de la responsabilit\u00e9 et du service. Nous d\u00e9veloppons des actions pour les jeunes de 5 \u00e0 18 ans et les jeunes adultes (18 \u00e0 25 ans). Ces actions sont :<\/p>\n<ul>\n<li>des camps de vacances (en France et \u00e0 l\u2019\u00e9tranger),<\/li>\n<li>les Labos: des ateliers de formation<\/li>\n<li>des journ\u00e9es et des cycles de formation,<\/li>\n<li>des actions avec ses partenaires (Heaven\u2019s door, Deviens un h\u00e9ros, formation \u00e0 la non-violence\u2026),<\/li>\n<li>un vide grenier\u2026<\/li>\n<\/ul>\n<p>De plus , ouverts sur la soci\u00e9t\u00e9, les YMCA-UCJG Alsace se veulent \u00eatre:<\/p>\n<ul>\n<li>un carrefour d\u2019\u00e9changes, o\u00f9 la compr\u00e9hension de la diff\u00e9rence donnera une impulsion \u00e0 un vivre ensemble, riche de ce que chacun peut y apporter \u00e0 soi-m\u00eame, aux autres et au monde,<\/li>\n<li>une tribune o\u00f9 chacun peut affirmer une pens\u00e9e personnelle, vivante, nourrie par un esprit de discernement et d\u2019analyse.<\/li>\n<\/ul>\n<!-- AddThis Advanced Settings generic via filter on the_content --><!-- AddThis Share Buttons generic via filter on the_content -->","protected":false},"excerpt":{"rendered":"<p>L&rsquo;association en quelques mots cl\u00e9s \u00c9ducation populaire, s\u00e9jours de vacances, voyages interculturels, b\u00e9n\u00e9volat, engagement, p\u00e9dagogie, non-violence, d\u00e9couvertes, favoriser l&rsquo;autonomie, rencontres, vivre-ensemble&#8230; Les YMCA-UCJG Alsace L&rsquo;association des YMCA-UCJG Alsace est une [&hellip;]<!-- AddThis Advanced Settings generic via filter on get_the_excerpt --><!-- AddThis Share Buttons generic via filter on get_the_excerpt --><\/p>\n","protected":false},"author":1,"featured_media":948,"parent":0,"menu_order":0,"comment_status":"closed","ping_status":"closed","template":"","meta":{"jetpack_post_was_ever_published":false,"footnotes":""},"class_list":["post-32","page","type-page","status-publish","has-post-thumbnail","hentry"],"jetpack_sharing_enabled":true,"jetpack_shortlink":"https:\/\/wp.me\/P8nbU3-w","_links":{"self":[{"href":"https:\/\/ucjgalsace.org\/cms\/wp-json\/wp\/v2\/pages\/32","targetHints":{"allow":["GET"]}}],"collection":[{"href":"https:\/\/ucjgalsace.org\/cms\/wp-json\/wp\/v2\/pages"}],"about":[{"href":"https:\/\/ucjgalsace.org\/cms\/wp-json\/wp\/v2\/types\/page"}],"author":[{"embeddable":true,"href":"https:\/\/ucjgalsace.org\/cms\/wp-json\/wp\/v2\/users\/1"}],"replies":[{"embeddable":true,"href":"https:\/\/ucjgalsace.org\/cms\/wp-json\/wp\/v2\/comments?post=32"}],"version-history":[{"count":6,"href":"https:\/\/ucjgalsace.org\/cms\/wp-json\/wp\/v2\/pages\/32\/revisions"}],"predecessor-version":[{"id":518,"href":"https:\/\/ucjgalsace.org\/cms\/wp-json\/wp\/v2\/pages\/32\/revisions\/518"}],"wp:featuredmedia":[{"embeddable":true,"href":"https:\/\/ucjgalsace.org\/cms\/wp-json\/wp\/v2\/media\/948"}],"wp:attachment":[{"href":"https:\/\/ucjgalsace.org\/cms\/wp-json\/wp\/v2\/media?parent=32"}],"curies":[{"name":"wp","href":"https:\/\/api.w.org\/{rel}","templated":true}]}}