{"id":335,"date":"2015-12-18T10:11:15","date_gmt":"2015-12-18T09:11:15","guid":{"rendered":"http:\/\/ucjgalsace.org\/cms\/?p=335"},"modified":"2016-01-25T16:21:12","modified_gmt":"2016-01-25T15:21:12","slug":"recherche-de-personnel","status":"publish","type":"page","link":"https:\/\/ucjgalsace.org\/cms\/recherche-de-personnel\/","title":{"rendered":"Recherche de directeurs et d&rsquo;animateurs"},"content":{"rendered":"<p><a href=\"http:\/\/ucjgalsace.org\/cms\/wp-content\/uploads\/2015\/12\/mix-4-images.png\"><img loading=\"lazy\" decoding=\"async\" class=\"  wp-image-337 alignleft\" src=\"http:\/\/ucjgalsace.org\/cms\/wp-content\/uploads\/2015\/12\/mix-4-images-744x766.png\" alt=\"mix 4 images\" width=\"283\" height=\"291\" srcset=\"https:\/\/ucjgalsace.org\/cms\/wp-content\/uploads\/2015\/12\/mix-4-images-744x766.png 744w, https:\/\/ucjgalsace.org\/cms\/wp-content\/uploads\/2015\/12\/mix-4-images-420x432.png 420w, https:\/\/ucjgalsace.org\/cms\/wp-content\/uploads\/2015\/12\/mix-4-images.png 1114w\" sizes=\"auto, (max-width: 283px) 100vw, 283px\" \/><\/a>Partir, partager, \u00e9changer avec d\u2019autres ses id\u00e9es et son exp\u00e9rience,<\/p>\n<p>Faire vivre ensemble des temps d\u2019animation \u00e0 des enfants ou ados, profiter d\u2019un coin de verdure\u2026<\/p>\n<p>&nbsp;<\/p>\n<p>Notre association recherche pour animer ses camps d\u2019\u00e9t\u00e9 :<\/p>\n<ul>\n<li>\u00a0Des animateurs et animatrices<\/li>\n<li>Des cuisiniers et cuisini\u00e8res<\/li>\n<li>Des directeurs et directrices<\/li>\n<\/ul>\n<p>Nos s\u00e9jours sont ouverts \u00e0 tous avec la volont\u00e9 de favoriser la mixit\u00e9 sociale et culturelle des participants. Afin de d\u00e9velopper l\u2019autonomie, la prise de responsabilit\u00e9 et un esprit de solidarit\u00e9, les enfants comme les jeunes sont invit\u00e9s \u00e0 s\u2019impliquer dans le choix et l\u2019organisation des activit\u00e9s, dans les prises de d\u00e9cision concernant la vie du camp. L\u2019encadrement des camps est fait de mani\u00e8re b\u00e9n\u00e9vole. Par le b\u00e9n\u00e9volat, les animateurs de nos camps font un don de leur temps et permettent de pratiquer des tarifs accessibles au plus grand nombre.<\/p>\n<p><a href=\"http:\/\/ucjgalsace.org\/cms\/wp-content\/uploads\/2015\/12\/guitare-en-camp.png\"><img loading=\"lazy\" decoding=\"async\" class=\"alignnone  wp-image-336\" src=\"http:\/\/ucjgalsace.org\/cms\/wp-content\/uploads\/2015\/12\/guitare-en-camp.png\" alt=\"guitare en camp\" width=\"323\" height=\"290\" srcset=\"https:\/\/ucjgalsace.org\/cms\/wp-content\/uploads\/2015\/12\/guitare-en-camp.png 524w, https:\/\/ucjgalsace.org\/cms\/wp-content\/uploads\/2015\/12\/guitare-en-camp-420x376.png 420w\" sizes=\"auto, (max-width: 323px) 100vw, 323px\" \/><\/a><\/p>\n<h1>Postuler en tant qu&rsquo;animateur-trice, directeur-trice, cuisinier-\u00e8re<\/h1>\n\n<div class=\"wpcf7 no-js\" id=\"wpcf7-f450-o1\" lang=\"fr-FR\" dir=\"ltr\" data-wpcf7-id=\"450\">\n<div class=\"screen-reader-response\"><p role=\"status\" aria-live=\"polite\" aria-atomic=\"true\"><\/p> <ul><\/ul><\/div>\n<form action=\"\/cms\/wp-json\/wp\/v2\/pages\/335#wpcf7-f450-o1\" method=\"post\" class=\"wpcf7-form init\" aria-label=\"Formulaire de contact\" enctype=\"multipart\/form-data\" novalidate=\"novalidate\" data-status=\"init\">\n<fieldset class=\"hidden-fields-container\"><input type=\"hidden\" name=\"_wpcf7\" value=\"450\" \/><input type=\"hidden\" name=\"_wpcf7_version\" value=\"6.1.5\" \/><input type=\"hidden\" name=\"_wpcf7_locale\" value=\"fr_FR\" \/><input type=\"hidden\" name=\"_wpcf7_unit_tag\" value=\"wpcf7-f450-o1\" \/><input type=\"hidden\" name=\"_wpcf7_container_post\" value=\"0\" \/><input type=\"hidden\" name=\"_wpcf7_posted_data_hash\" value=\"\" \/>\n<\/fieldset>\n<p>Nous vous remercions pour l'int\u00e9r\u00eat que vous portez aux UCJG-YMCA France et \u00e0 leurs camps.\n<\/p>\n<p>Veuillez remplir les champs ci-dessous:\n<\/p>\n<p>Votre nom et pr\u00e9nom (obligatoire)\n<\/p>\n<p><span class=\"wpcf7-form-control-wrap\" data-name=\"your-name\"><input size=\"40\" maxlength=\"400\" class=\"wpcf7-form-control wpcf7-text wpcf7-validates-as-required\" aria-required=\"true\" aria-invalid=\"false\" value=\"\" type=\"text\" name=\"your-name\" \/><\/span>\n<\/p>\n<p>Votre email (obligatoire)\n<\/p>\n<p><span class=\"wpcf7-form-control-wrap\" data-name=\"your-email\"><input size=\"40\" maxlength=\"400\" class=\"wpcf7-form-control wpcf7-email wpcf7-validates-as-required wpcf7-text wpcf7-validates-as-email\" aria-required=\"true\" aria-invalid=\"false\" value=\"\" type=\"email\" name=\"your-email\" \/><\/span>\n<\/p>\n<p>Votre t\u00e9l\u00e9phone (obligatoire)\n<\/p>\n<p><span class=\"wpcf7-form-control-wrap\" data-name=\"tel-221\"><input size=\"40\" maxlength=\"400\" class=\"wpcf7-form-control wpcf7-tel wpcf7-validates-as-required wpcf7-text wpcf7-validates-as-tel\" aria-required=\"true\" aria-invalid=\"false\" value=\"\" type=\"tel\" name=\"tel-221\" \/><\/span>\n<\/p>\n<p>Le d\u00e9partement dans lequel vous habitez et\/ou vos parents habitent? (obligatoire)\n<\/p>\n<p><span class=\"wpcf7-form-control-wrap\" data-name=\"text-510\"><input size=\"40\" maxlength=\"400\" class=\"wpcf7-form-control wpcf7-text wpcf7-validates-as-required\" aria-required=\"true\" aria-invalid=\"false\" value=\"\" type=\"text\" name=\"text-510\" \/><\/span>\n<\/p>\n<p>A quel(s) camp(s) souhaitez vous postuler? (obligatoire)\n<\/p>\n<p><span class=\"wpcf7-form-control-wrap\" data-name=\"your-subject\"><input size=\"40\" maxlength=\"400\" class=\"wpcf7-form-control wpcf7-text wpcf7-validates-as-required\" aria-required=\"true\" aria-invalid=\"false\" value=\"\" type=\"text\" name=\"your-subject\" \/><\/span>\n<\/p>\n<p> Quel dipl\u00f4me avez vous? (obligatoire)\n<\/p>\n<p><span class=\"wpcf7-form-control-wrap\" data-name=\"menu-251\"><select class=\"wpcf7-form-control wpcf7-select wpcf7-validates-as-required\" aria-required=\"true\" aria-invalid=\"false\" name=\"menu-251\"><option value=\"Aucun\">Aucun<\/option><option value=\"Stagiaire BAFA\">Stagiaire BAFA<\/option><option value=\"BAFA\">BAFA<\/option><option value=\"Stagiaire BAFD\">Stagiaire BAFD<\/option><option value=\"BAFD\">BAFD<\/option><option value=\"Dipl\u00f4me dans l&#039;alimentaire\">Dipl\u00f4me dans l&#039;alimentaire<\/option><\/select><\/span>\n<\/p>\n<p> Vous pouvez ajouter des fichiers (CV, lettre de motivation) \u00e0 votre message:\n<\/p>\n<p>- n\u00b01 <span class=\"wpcf7-form-control-wrap\" data-name=\"file-738\"><input size=\"40\" class=\"wpcf7-form-control wpcf7-file\" accept=\"audio\/*,video\/*,image\/*\" aria-invalid=\"false\" type=\"file\" name=\"file-738\" \/><\/span>\n<\/p>\n<p>- n\u00b02 <span class=\"wpcf7-form-control-wrap\" data-name=\"file-803\"><input size=\"40\" class=\"wpcf7-form-control wpcf7-file\" accept=\"audio\/*,video\/*,image\/*\" aria-invalid=\"false\" type=\"file\" name=\"file-803\" \/><\/span>\n<\/p>\n<p>Votre message\n<\/p>\n<p><span class=\"wpcf7-form-control-wrap\" data-name=\"your-message\"><textarea cols=\"40\" rows=\"10\" maxlength=\"2000\" class=\"wpcf7-form-control wpcf7-textarea\" aria-invalid=\"false\" name=\"your-message\"><\/textarea><\/span>\n<\/p>\n<p><input class=\"wpcf7-form-control wpcf7-submit has-spinner\" type=\"submit\" value=\"Envoyer\" \/>\n<\/p><p style=\"display: none !important;\" class=\"akismet-fields-container\" data-prefix=\"_wpcf7_ak_\"><label>&#916;<textarea name=\"_wpcf7_ak_hp_textarea\" cols=\"45\" rows=\"8\" maxlength=\"100\"><\/textarea><\/label><input type=\"hidden\" id=\"ak_js_1\" name=\"_wpcf7_ak_js\" value=\"160\"\/><script>document.getElementById( \"ak_js_1\" ).setAttribute( \"value\", ( new Date() ).getTime() );<\/script><\/p><div class=\"wpcf7-response-output\" aria-hidden=\"true\"><\/div>\n<\/form>\n<\/div>\n\n<!-- AddThis Advanced Settings generic via filter on the_content --><!-- AddThis Share Buttons generic via filter on the_content -->","protected":false},"excerpt":{"rendered":"<p>Partir, partager, \u00e9changer avec d\u2019autres ses id\u00e9es et son exp\u00e9rience, Faire vivre ensemble des temps d\u2019animation \u00e0 des enfants ou ados, profiter d\u2019un coin de verdure\u2026 &nbsp; Notre association recherche [&hellip;]<!-- AddThis Advanced Settings generic via filter on get_the_excerpt --><!-- AddThis Share Buttons generic via filter on get_the_excerpt --><\/p>\n","protected":false},"author":4,"featured_media":341,"parent":0,"menu_order":0,"comment_status":"open","ping_status":"open","template":"","meta":{"jetpack_post_was_ever_published":false,"footnotes":""},"class_list":["post-335","page","type-page","status-publish","has-post-thumbnail","hentry"],"jetpack_sharing_enabled":true,"jetpack_shortlink":"https:\/\/wp.me\/P8nbU3-5p","_links":{"self":[{"href":"https:\/\/ucjgalsace.org\/cms\/wp-json\/wp\/v2\/pages\/335","targetHints":{"allow":["GET"]}}],"collection":[{"href":"https:\/\/ucjgalsace.org\/cms\/wp-json\/wp\/v2\/pages"}],"about":[{"href":"https:\/\/ucjgalsace.org\/cms\/wp-json\/wp\/v2\/types\/page"}],"author":[{"embeddable":true,"href":"https:\/\/ucjgalsace.org\/cms\/wp-json\/wp\/v2\/users\/4"}],"replies":[{"embeddable":true,"href":"https:\/\/ucjgalsace.org\/cms\/wp-json\/wp\/v2\/comments?post=335"}],"version-history":[{"count":4,"href":"https:\/\/ucjgalsace.org\/cms\/wp-json\/wp\/v2\/pages\/335\/revisions"}],"predecessor-version":[{"id":452,"href":"https:\/\/ucjgalsace.org\/cms\/wp-json\/wp\/v2\/pages\/335\/revisions\/452"}],"wp:featuredmedia":[{"embeddable":true,"href":"https:\/\/ucjgalsace.org\/cms\/wp-json\/wp\/v2\/media\/341"}],"wp:attachment":[{"href":"https:\/\/ucjgalsace.org\/cms\/wp-json\/wp\/v2\/media?parent=335"}],"curies":[{"name":"wp","href":"https:\/\/api.w.org\/{rel}","templated":true}]}}