{"id":361,"date":"2016-01-04T16:07:23","date_gmt":"2016-01-04T15:07:23","guid":{"rendered":"http:\/\/ucjgalsace.org\/cms\/?page_id=361"},"modified":"2025-10-10T13:07:03","modified_gmt":"2025-10-10T12:07:03","slug":"pre-inscription-a-un-camp","status":"publish","type":"page","link":"https:\/\/ucjgalsace.org\/cms\/pre-inscription-a-un-camp\/","title":{"rendered":"Pr\u00e9-inscription"},"content":{"rendered":"<p>Veuillez remplir ce formulaire et cliquer sur \u00ab\u00a0envoyer\u00a0\u00bb.<\/p>\n\n<div class=\"wpcf7 no-js\" id=\"wpcf7-f360-o1\" lang=\"fr-FR\" dir=\"ltr\" data-wpcf7-id=\"360\">\n<div class=\"screen-reader-response\"><p role=\"status\" aria-live=\"polite\" aria-atomic=\"true\"><\/p> <ul><\/ul><\/div>\n<form action=\"\/cms\/wp-json\/wp\/v2\/pages\/361#wpcf7-f360-o1\" method=\"post\" class=\"wpcf7-form init\" aria-label=\"Formulaire de contact\" novalidate=\"novalidate\" data-status=\"init\">\n<fieldset class=\"hidden-fields-container\"><input type=\"hidden\" name=\"_wpcf7\" value=\"360\" \/><input type=\"hidden\" name=\"_wpcf7_version\" value=\"6.1.5\" \/><input type=\"hidden\" name=\"_wpcf7_locale\" value=\"fr_FR\" \/><input type=\"hidden\" name=\"_wpcf7_unit_tag\" value=\"wpcf7-f360-o1\" \/><input type=\"hidden\" name=\"_wpcf7_container_post\" value=\"0\" \/><input type=\"hidden\" name=\"_wpcf7_posted_data_hash\" value=\"\" \/>\n<\/fieldset>\n<p>Ceci est un formulaire de pr\u00e9inscription pour un ou des enfants au <u>m\u00eame<\/u> camp.<br \/>\nL'inscription de votre (vos) enfant(s) sera d\u00e9finitive, sous r\u00e9serve de place(s) disponible(s), lorsque nous recevrons sa (leurs) fiche(s) compl\u00e8te(s) remplie(s) et sign\u00e9e(s), ainsi qu'un ch\u00e8que d'acompte de 150\u20ac par enfant.\n<\/p>\n<p>Si vous souhaitez pr\u00e9-inscrire des enfants \u00e0 des camps diff\u00e9rents, merci de valider d'abord une inscription et de remplir une seconde fois le formulaire pour le deuxi\u00e8me enfant, et ainsi de suite...\n<\/p>\n<p><b><u>Vos coordonn\u00e9es:<\/u><\/b><br \/>\nVotre NOM et pr\u00e9nom (*) : <span class=\"wpcf7-form-control-wrap\" data-name=\"your-name\"><input size=\"40\" maxlength=\"400\" class=\"wpcf7-form-control wpcf7-text wpcf7-validates-as-required\" aria-required=\"true\" aria-invalid=\"false\" value=\"\" type=\"text\" name=\"your-name\" \/><\/span><br \/>\nVotre email (*) : <span class=\"wpcf7-form-control-wrap\" data-name=\"your-email\"><input size=\"40\" maxlength=\"400\" class=\"wpcf7-form-control wpcf7-email wpcf7-validates-as-required wpcf7-text wpcf7-validates-as-email\" aria-required=\"true\" aria-invalid=\"false\" value=\"\" type=\"email\" name=\"your-email\" \/><\/span><br \/>\nVotre num\u00e9ro de t\u00e9l\u00e9phone (*) : <span class=\"wpcf7-form-control-wrap\" data-name=\"tel\"><input size=\"40\" maxlength=\"400\" class=\"wpcf7-form-control wpcf7-tel wpcf7-validates-as-required wpcf7-text wpcf7-validates-as-tel\" aria-required=\"true\" aria-invalid=\"false\" value=\"\" type=\"tel\" name=\"tel\" \/><\/span>\n<\/p>\n<p><b><u>Votre(vos) enfant(s):<\/u><\/b><br \/>\n1. Le NOM et pr\u00e9nom du <b> premier enfant <\/b> (*) : <span class=\"wpcf7-form-control-wrap\" data-name=\"nom-enfant\"><input size=\"40\" maxlength=\"400\" class=\"wpcf7-form-control wpcf7-text wpcf7-validates-as-required\" aria-required=\"true\" aria-invalid=\"false\" value=\"\" type=\"text\" name=\"nom-enfant\" \/><\/span><br \/>\nSa date de naissance (*) (jj\/mm\/aaaa) : <span class=\"wpcf7-form-control-wrap\" data-name=\"date1\"><input size=\"40\" maxlength=\"400\" class=\"wpcf7-form-control wpcf7-text wpcf7-validates-as-required\" aria-required=\"true\" aria-invalid=\"false\" value=\"\" type=\"text\" name=\"date1\" \/><\/span>\n<\/p>\n<p>2. Le NOM et pr\u00e9nom du <b>deuxi\u00e8me enfant<\/b> (facultatif) : <span class=\"wpcf7-form-control-wrap\" data-name=\"nom-enfant2\"><input size=\"40\" maxlength=\"400\" class=\"wpcf7-form-control wpcf7-text\" aria-invalid=\"false\" value=\"\" type=\"text\" name=\"nom-enfant2\" \/><\/span><br \/>\nSa date de naissance (jj\/mm\/aaaa) : <span class=\"wpcf7-form-control-wrap\" data-name=\"date2\"><input size=\"40\" maxlength=\"400\" class=\"wpcf7-form-control wpcf7-text\" aria-invalid=\"false\" value=\"\" type=\"text\" name=\"date2\" \/><\/span>\n<\/p>\n<p>3. Le NOM et pr\u00e9nom du <b>troisi\u00e8me enfant<\/b> (facultatif) : <span class=\"wpcf7-form-control-wrap\" data-name=\"nom-enfant3\"><input size=\"40\" maxlength=\"400\" class=\"wpcf7-form-control wpcf7-text\" aria-invalid=\"false\" value=\"\" type=\"text\" name=\"nom-enfant3\" \/><\/span><br \/>\nSa date de naissance (jj\/mm\/aaaa) : <span class=\"wpcf7-form-control-wrap\" data-name=\"date3\"><input size=\"40\" maxlength=\"400\" class=\"wpcf7-form-control wpcf7-text\" aria-invalid=\"false\" value=\"\" type=\"text\" name=\"date3\" \/><\/span>\n<\/p>\n<p><b><u>A quel s\u00e9jour de vacances souhaitez vous inscrire votre (vos) enfant(s) ? (*) <\/u><\/b>\n<\/p>\n<p><span class=\"wpcf7-form-control-wrap\" data-name=\"menu-531\"><select class=\"wpcf7-form-control wpcf7-select wpcf7-validates-as-required\" aria-required=\"true\" aria-invalid=\"false\" name=\"menu-531\"><option value=\"\">&#8212;Veuillez choisir une option&#8212;<\/option><option value=\"Explor&#039;Nature \u00e0 La Hoube, 6-9 ans , 13 au 26 juillet 2026\">Explor&#039;Nature \u00e0 La Hoube, 6-9 ans , 13 au 26 juillet 2026<\/option><option value=\"Graines de talent \u00e0 La Hoube, 10-12 ans maxi enfant en 6\u00e8me , 13 au 26 Juillet 2026\">Graines de talent \u00e0 La Hoube, 10-12 ans maxi enfant en 6\u00e8me , 13 au 26 Juillet 2026<\/option><option value=\"Collectiv&#039;Ado au Camp Joubert , 12-14 ans, 13 au 26 juillet 2026\">Collectiv&#039;Ado au Camp Joubert , 12-14 ans, 13 au 26 juillet 2026<\/option><option value=\"Anim&#039;Ado au Camp Joubert , 15-17 ans, 13 au 26 juillet 2026\">Anim&#039;Ado au Camp Joubert , 15-17 ans, 13 au 26 juillet 2026<\/option><option value=\"S\u00e9jour France-Allemagne-Ukraine en Allemagne, 12-17 ans, du 25 juillet au 1er ao\u00fbt 2026\">S\u00e9jour France-Allemagne-Ukraine en Allemagne, 12-17 ans, du 25 juillet au 1er ao\u00fbt 2026<\/option><option value=\"Les 12 travaux de Williams \u00e0 Salm, 7-9 ans et 10-12 ans , 28 juillet au 10 ao\u00fbt 2026\">Les 12 travaux de Williams \u00e0 Salm, 7-9 ans et 10-12 ans , 28 juillet au 10 ao\u00fbt 2026<\/option><\/select><\/span>\n<\/p>\n<p><b><u>Votre message, question, remarque... <\/u><\/b>\n<\/p>\n<p><span class=\"wpcf7-form-control-wrap\" data-name=\"your-message\"><textarea cols=\"40\" rows=\"10\" maxlength=\"2000\" class=\"wpcf7-form-control wpcf7-textarea\" aria-invalid=\"false\" name=\"your-message\"><\/textarea><\/span>\n<\/p>\n<p> (*) : obligatoire\n<\/p>\n<p><input class=\"wpcf7-form-control wpcf7-submit has-spinner\" type=\"submit\" value=\"Envoyer\" \/>\n<\/p><p style=\"display: none !important;\" class=\"akismet-fields-container\" data-prefix=\"_wpcf7_ak_\"><label>&#916;<textarea name=\"_wpcf7_ak_hp_textarea\" cols=\"45\" rows=\"8\" maxlength=\"100\"><\/textarea><\/label><input type=\"hidden\" id=\"ak_js_1\" name=\"_wpcf7_ak_js\" value=\"178\"\/><script>document.getElementById( \"ak_js_1\" ).setAttribute( \"value\", ( new Date() ).getTime() );<\/script><\/p><div class=\"wpcf7-response-output\" aria-hidden=\"true\"><\/div>\n<\/form>\n<\/div>\n\n<p><strong><span style=\"color: #ff0000;\">Le dossier d&rsquo;inscription est encore en cours d&rsquo;\u00e9laboration, il vous sera envoy\u00e9 ult\u00e9rieurement.\u00a0 <\/span><\/strong><strong><span style=\"color: #ff0000;\">\u00a0<\/span><\/strong><\/p>\n<p style=\"text-align: center;\"><span style=\"text-decoration: underline; color: #3366ff;\"><strong>[POUR LES COLOS] N&rsquo;oubliez pas de nous renvoyer le <a href=\"http:\/\/ucjgalsace.org\/cms\/dossier-dinscription-sejours-de-vacances-enfants-et-ados-ete-2024\/\">dossier d&rsquo;inscription<\/a>\u00a0<\/strong><\/span><span style=\"text-decoration: underline; color: #3366ff;\"><strong> rempli et sign\u00e9 avec le ch\u00e8que d&rsquo;acompte de 150\u20ac d&rsquo;ici 10 jours !<\/strong><\/span><\/p>\n<p style=\"text-align: center;\">\n<!-- AddThis Advanced Settings generic via filter on the_content --><!-- AddThis Share Buttons generic via filter on the_content -->","protected":false},"excerpt":{"rendered":"<p>Veuillez remplir ce formulaire et cliquer sur \u00ab\u00a0envoyer\u00a0\u00bb. Le dossier d&rsquo;inscription est encore en cours d&rsquo;\u00e9laboration, il vous sera envoy\u00e9 ult\u00e9rieurement.\u00a0 \u00a0 [POUR LES COLOS] N&rsquo;oubliez pas de nous renvoyer [&hellip;]<!-- AddThis Advanced Settings generic via filter on get_the_excerpt --><!-- AddThis Share Buttons generic via filter on get_the_excerpt --><\/p>\n","protected":false},"author":4,"featured_media":948,"parent":0,"menu_order":0,"comment_status":"open","ping_status":"open","template":"","meta":{"jetpack_post_was_ever_published":false,"footnotes":""},"class_list":["post-361","page","type-page","status-publish","has-post-thumbnail","hentry"],"jetpack_sharing_enabled":true,"jetpack_shortlink":"https:\/\/wp.me\/P8nbU3-5P","_links":{"self":[{"href":"https:\/\/ucjgalsace.org\/cms\/wp-json\/wp\/v2\/pages\/361","targetHints":{"allow":["GET"]}}],"collection":[{"href":"https:\/\/ucjgalsace.org\/cms\/wp-json\/wp\/v2\/pages"}],"about":[{"href":"https:\/\/ucjgalsace.org\/cms\/wp-json\/wp\/v2\/types\/page"}],"author":[{"embeddable":true,"href":"https:\/\/ucjgalsace.org\/cms\/wp-json\/wp\/v2\/users\/4"}],"replies":[{"embeddable":true,"href":"https:\/\/ucjgalsace.org\/cms\/wp-json\/wp\/v2\/comments?post=361"}],"version-history":[{"count":30,"href":"https:\/\/ucjgalsace.org\/cms\/wp-json\/wp\/v2\/pages\/361\/revisions"}],"predecessor-version":[{"id":2252,"href":"https:\/\/ucjgalsace.org\/cms\/wp-json\/wp\/v2\/pages\/361\/revisions\/2252"}],"wp:featuredmedia":[{"embeddable":true,"href":"https:\/\/ucjgalsace.org\/cms\/wp-json\/wp\/v2\/media\/948"}],"wp:attachment":[{"href":"https:\/\/ucjgalsace.org\/cms\/wp-json\/wp\/v2\/media?parent=361"}],"curies":[{"name":"wp","href":"https:\/\/api.w.org\/{rel}","templated":true}]}}