{"id":39,"date":"2015-02-10T22:30:51","date_gmt":"2015-02-10T21:30:51","guid":{"rendered":"http:\/\/ucjgalsace.org\/w\/?page_id=39"},"modified":"2017-02-14T13:28:06","modified_gmt":"2017-02-14T12:28:06","slug":"le-reseau-en-alsace","status":"publish","type":"page","link":"https:\/\/ucjgalsace.org\/cms\/lassociation\/le-reseau-en-alsace\/","title":{"rendered":"Le r\u00e9seau en Alsace"},"content":{"rendered":"<p>Le groupe Alsace, ou alliance d&rsquo;Alsace de 1884 \u00e0 1919, f\u00e9d\u00e8re 5 unions locales : Schiltigheim, Oberhausbergen, Strasbourg (foss\u00e9 des treize), le CIARUS et Colmar. C&rsquo;est une alliance r\u00e9gionale des UCJG, membre de l&rsquo;alliance nationale des UCJG de France. Le groupe d&rsquo;Alsace est le dernier groupe r\u00e9gional d&rsquo;unions encore en activit\u00e9 en France.<br \/>\nLes unions locales ont leurs propres comit\u00e9s, activit\u00e9s, locaux, histoire et maisons de vacances. Elles prennent part aux manifestations r\u00e9gionales et aux camps du groupe Alsace avec leur membres ou locaux.<\/p>\n<h1>UCJG de Schiltigheim<\/h1>\n<p>N\u00e9e en 1948, l&rsquo;UCJG de Schiltigheim compte plusieurs types d&rsquo;activit\u00e9s.<\/p>\n<p>Le SUS, pour stade unioniste de Schiltigheim, perp\u00e9tue la tradition unioniste du basket-ball, sport cr\u00e9e en 1893, \u00e0 l&rsquo;universit\u00e9 unioniste de Springfield, Massachusetts. Visitez le site internet de la section tennis de table. (<a href=\"http:\/\/www.sus.asso.fr\/\" target=\"_blank\">Accueil<\/a>, <a href=\"http:\/\/www.sus.asso.fr\/spip.php?rubrique4\" target=\"_blank\">historique<\/a>)<\/p>\n<p><a href=\"http:\/\/ucjg.schiltigheim.free.fr\/accueil.php\" target=\"_blank\">L&rsquo;UCJG de Schiltigheim<\/a> poss\u00e8de un centre de vacances UCJG d&rsquo;Echery \u00e0 Ste Marie aux Mines. La maison peut \u00eatre lou\u00e9e.<\/p>\n<h1>UCJG du Foss\u00e9 des Treize<\/h1>\n<p>L&rsquo;UCJG du foss\u00e9 des treize est l&rsquo;h\u00e9ritiere des UCJG de Strasbourg cr\u00e9e en 1851. Elle avait son si\u00e8ge depuis 1893 au 8, rue du foss\u00e9 des treize \u00e0 Strasbourg, dans les locaux actuels du CIARUS et du groupe Alsace.<\/p>\n<p>Ses membres sont de toutes les manifestations du groupe Alsace.<\/p>\n<p>Elle poss\u00e8de le centre de vacances UCJG de <a href=\"http:\/\/www.ucjgsalm.org\/\" target=\"_blank\">Salm <\/a>\u00e0 Schirmeck. La maison peut \u00eatre <a href=\"http:\/\/www.ucjgsalm.org\/reservation-en-ligne\/availability\/daily?view=availability&amp;layout=daily\" target=\"_blank\">lou\u00e9e<\/a>.<\/p>\n<h1>Le CIARUS<\/h1>\n<p>Centre d&rsquo;Accueil et de Rencontre Unioniste de Strasbourg<\/p>\n<p>Le CIARUS est issu de l&rsquo;union de Strasbourg. Il accueille des groupes et des voyageurs tout au long de l&rsquo;ann\u00e9e. Il s&rsquo;apparente dans son fonctionnement \u00e0 une auberge de jeunesse. <a href=\"http:\/\/www.ciarus.com\/\" target=\"_blank\">Site internet<\/a><\/p>\n<h1>UCJG de Colmar<\/h1>\n<p>La maison du Zillardthof \u00e0 Saint Pierre sur l&rsquo;H\u00e2te pr\u00e8s de Sainte-Marie-aux-Mines a \u00e9t\u00e9 vendue.<\/p>\n<p>Michel Kempf 03 89 77 45 40. <a href=\"http:\/\/www.ucjg-colmar.fr.st\/\" target=\"_blank\">Site internet<\/a><\/p>\n<!-- AddThis Advanced Settings generic via filter on the_content --><!-- AddThis Share Buttons generic via filter on the_content -->","protected":false},"excerpt":{"rendered":"<p>Le groupe Alsace, ou alliance d&rsquo;Alsace de 1884 \u00e0 1919, f\u00e9d\u00e8re 5 unions locales : Schiltigheim, Oberhausbergen, Strasbourg (foss\u00e9 des treize), le CIARUS et Colmar. C&rsquo;est une alliance r\u00e9gionale des [&hellip;]<!-- AddThis Advanced Settings generic via filter on get_the_excerpt --><!-- AddThis Share Buttons generic via filter on get_the_excerpt --><\/p>\n","protected":false},"author":1,"featured_media":948,"parent":32,"menu_order":0,"comment_status":"closed","ping_status":"open","template":"","meta":{"jetpack_post_was_ever_published":false,"footnotes":""},"class_list":["post-39","page","type-page","status-publish","has-post-thumbnail","hentry"],"jetpack_sharing_enabled":true,"jetpack_shortlink":"https:\/\/wp.me\/P8nbU3-D","_links":{"self":[{"href":"https:\/\/ucjgalsace.org\/cms\/wp-json\/wp\/v2\/pages\/39","targetHints":{"allow":["GET"]}}],"collection":[{"href":"https:\/\/ucjgalsace.org\/cms\/wp-json\/wp\/v2\/pages"}],"about":[{"href":"https:\/\/ucjgalsace.org\/cms\/wp-json\/wp\/v2\/types\/page"}],"author":[{"embeddable":true,"href":"https:\/\/ucjgalsace.org\/cms\/wp-json\/wp\/v2\/users\/1"}],"replies":[{"embeddable":true,"href":"https:\/\/ucjgalsace.org\/cms\/wp-json\/wp\/v2\/comments?post=39"}],"version-history":[{"count":5,"href":"https:\/\/ucjgalsace.org\/cms\/wp-json\/wp\/v2\/pages\/39\/revisions"}],"predecessor-version":[{"id":209,"href":"https:\/\/ucjgalsace.org\/cms\/wp-json\/wp\/v2\/pages\/39\/revisions\/209"}],"up":[{"embeddable":true,"href":"https:\/\/ucjgalsace.org\/cms\/wp-json\/wp\/v2\/pages\/32"}],"wp:featuredmedia":[{"embeddable":true,"href":"https:\/\/ucjgalsace.org\/cms\/wp-json\/wp\/v2\/media\/948"}],"wp:attachment":[{"href":"https:\/\/ucjgalsace.org\/cms\/wp-json\/wp\/v2\/media?parent=39"}],"curies":[{"name":"wp","href":"https:\/\/api.w.org\/{rel}","templated":true}]}}