{"id":392,"date":"2016-01-20T15:19:41","date_gmt":"2016-01-20T14:19:41","guid":{"rendered":"http:\/\/ucjgalsace.org\/cms\/?p=392"},"modified":"2017-01-12T17:35:53","modified_gmt":"2017-01-12T16:35:53","slug":"camp-familial","status":"publish","type":"page","link":"https:\/\/ucjgalsace.org\/cms\/les-6-camps-dete-2016\/camp-familial\/","title":{"rendered":"Camp familial: Dialogue et esprit de coop\u00e9ration en famille 2016"},"content":{"rendered":"<p>Les YMCA-UCJG Alsace pr\u00e9sentent<\/p>\n<h1><strong>Camp familial: Dialogue et esprit de coop\u00e9ration en famille<\/strong><\/h1>\n<p><a href=\"http:\/\/ucjgalsace.org\/cms\/wp-content\/uploads\/2015\/02\/pic25_calendrier.jpg\"><img loading=\"lazy\" decoding=\"async\" class=\"alignnone size-full wp-image-108\" src=\"http:\/\/ucjgalsace.org\/cms\/wp-content\/uploads\/2015\/02\/pic25_calendrier.jpg\" alt=\"pic25_calendrier\" width=\"25\" height=\"25\" \/><\/a>\u00a0Du 31 juillet au 5 ao\u00fbt 2016 <a href=\"http:\/\/ucjgalsace.org\/cms\/wp-content\/uploads\/2015\/02\/pic25_age6.jpg\"><img loading=\"lazy\" decoding=\"async\" class=\"alignnone size-full wp-image-114\" src=\"http:\/\/ucjgalsace.org\/cms\/wp-content\/uploads\/2015\/02\/pic25_age6.jpg\" alt=\"pic25_age6\" width=\"25\" height=\"25\" \/><\/a>\u00a0S\u00e9jours pour parents et enfants \u00e0 partir de 3 ans\u00a0 <a href=\"http:\/\/ucjgalsace.org\/cms\/wp-content\/uploads\/2015\/02\/pic25_lieu.jpg\"><img loading=\"lazy\" decoding=\"async\" class=\"alignnone size-full wp-image-112\" src=\"http:\/\/ucjgalsace.org\/cms\/wp-content\/uploads\/2015\/02\/pic25_lieu.jpg\" alt=\"pic25_lieu\" width=\"25\" height=\"25\" \/> <span style=\"color: #333333;\">dans le massif des Vosges<\/span><\/a><\/p>\n<p>Les vacances ! C&rsquo;est l\u2019occasion de prendre une pause proche de la nature, de profiter du plein air, du soleil, et de passer du temps ensemble \u2026<\/p>\n<p>\u2026et pourquoi pas aussi donner un coup de pouce \u00e0 la vie de famille ?!<!--more--><\/p>\n<p>Au menu de notre s\u00e9jour en famille :<\/p>\n<p>Le matin, parents et enfants sont chacun de leur c\u00f4t\u00e9 avec un programme adapt\u00e9 :<\/p>\n<ul>\n<li>Initiation \u00e0 la gestion de conflits et \u00e0 la coop\u00e9ration (apports th\u00e9oriques, \u00e9changes et mises en pratique) pour les adultes<\/li>\n<li>Activit\u00e9s cr\u00e9atives, sportives, discussions et jeux d&rsquo;expression pour les enfants.<\/li>\n<\/ul>\n<p>Vous y apprendrez des fa\u00e7ons de g\u00e9rer les \u00e9motions et les conflits, \u00e0 appliquer en famille et dans la vie de tous les jours, afin que l\u2019\u00e9coute, le dialogue et l\u2019esprit de coop\u00e9ration soient au c\u0153ur de vos relations.<\/p>\n<p>L\u2019apr\u00e8s-midi est consacr\u00e9e aux balades et aux jeux en famille (avec sa famille et\/ou avec le groupe).<\/p>\n<p>Se d\u00e9tendre, s\u2019amuser, se rencontrer et se d\u00e9fouler seront les maitres mots.<\/p>\n<p>H\u00e9bergement : en chambre<br \/>\nNombre de participants : 25<br \/>\nLieu: 33 rue Principale, Fr\u00e9conrupt, 67\u00a0130 La Broque<br \/>\nTarif: 340\u20ac\/adulte ; 230\u20ac\/enfant (\u00e0 partir de 3 ans)<\/p>\n<p>Cliquez ici pour afficher la <a href=\"http:\/\/ucjgalsace.org\/cms\/wp-content\/uploads\/2016\/01\/S\u00e9jours-jeunes-2016-Camp-familial.pdf\">Plaquette du s\u00e9jour Camp familial.<\/a><\/p>\n<p>Pour vous inscrire, veuillez nous renvoyer la\u00a0<a href=\"http:\/\/ucjgalsace.org\/cms\/wp-content\/uploads\/2016\/01\/fiche-dinscription-camps-interg\u00e9n\u00e9rationnel-2016-v2.pdf\" target=\"_blank\">fiche d&rsquo;inscription<\/a> compl\u00e9t\u00e9e et sign\u00e9e ainsi qu&rsquo;un ch\u00e8que d&rsquo;acompte de 150\u20ac par adulte.<\/p>\n<!-- AddThis Advanced Settings generic via filter on the_content --><!-- AddThis Share Buttons generic via filter on the_content -->","protected":false},"excerpt":{"rendered":"<p>Les YMCA-UCJG Alsace pr\u00e9sentent Camp familial: Dialogue et esprit de coop\u00e9ration en famille \u00a0Du 31 juillet au 5 ao\u00fbt 2016 \u00a0S\u00e9jours pour parents et enfants \u00e0 partir de 3 ans\u00a0 [&hellip;]<!-- AddThis Advanced Settings generic via filter on get_the_excerpt --><!-- AddThis Share Buttons generic via filter on get_the_excerpt --><\/p>\n","protected":false},"author":4,"featured_media":495,"parent":332,"menu_order":0,"comment_status":"open","ping_status":"open","template":"","meta":{"jetpack_post_was_ever_published":false,"footnotes":""},"class_list":["post-392","page","type-page","status-publish","has-post-thumbnail","hentry"],"jetpack_sharing_enabled":true,"jetpack_shortlink":"https:\/\/wp.me\/P8nbU3-6k","_links":{"self":[{"href":"https:\/\/ucjgalsace.org\/cms\/wp-json\/wp\/v2\/pages\/392","targetHints":{"allow":["GET"]}}],"collection":[{"href":"https:\/\/ucjgalsace.org\/cms\/wp-json\/wp\/v2\/pages"}],"about":[{"href":"https:\/\/ucjgalsace.org\/cms\/wp-json\/wp\/v2\/types\/page"}],"author":[{"embeddable":true,"href":"https:\/\/ucjgalsace.org\/cms\/wp-json\/wp\/v2\/users\/4"}],"replies":[{"embeddable":true,"href":"https:\/\/ucjgalsace.org\/cms\/wp-json\/wp\/v2\/comments?post=392"}],"version-history":[{"count":7,"href":"https:\/\/ucjgalsace.org\/cms\/wp-json\/wp\/v2\/pages\/392\/revisions"}],"predecessor-version":[{"id":771,"href":"https:\/\/ucjgalsace.org\/cms\/wp-json\/wp\/v2\/pages\/392\/revisions\/771"}],"up":[{"embeddable":true,"href":"https:\/\/ucjgalsace.org\/cms\/wp-json\/wp\/v2\/pages\/332"}],"wp:featuredmedia":[{"embeddable":true,"href":"https:\/\/ucjgalsace.org\/cms\/wp-json\/wp\/v2\/media\/495"}],"wp:attachment":[{"href":"https:\/\/ucjgalsace.org\/cms\/wp-json\/wp\/v2\/media?parent=392"}],"curies":[{"name":"wp","href":"https:\/\/api.w.org\/{rel}","templated":true}]}}