{"id":42,"date":"2015-02-10T22:40:32","date_gmt":"2015-02-10T21:40:32","guid":{"rendered":"http:\/\/ucjgalsace.org\/w\/?page_id=42"},"modified":"2023-03-10T13:25:58","modified_gmt":"2023-03-10T12:25:58","slug":"sejours-de-vacances","status":"publish","type":"page","link":"https:\/\/ucjgalsace.org\/cms\/sejours-de-vacances\/","title":{"rendered":"A propos de s\u00e9jours de vacances"},"content":{"rendered":"<h1>Les s\u00e9jours UCJG en quelques mots<\/h1>\n<p>La participation de chacun, la d\u00e9couverte personnelle et de l\u2019autre, l\u2019expression, la cr\u00e9ation, le partage et la prise de responsabilit\u00e9 fondent et structurent nos activit\u00e9s.<\/p>\n<h2>L\u2019h\u00e9bergement<\/h2>\n<p>Tous nos s\u00e9jours se font dans des centres agr\u00e9\u00e9s par Jeunesse et Sport.<\/p>\n<h2>L\u2019alimentation<\/h2>\n<p>\u00c9quilibr\u00e9e, elle est pr\u00e9par\u00e9e par des personnes comp\u00e9tentes (formation HACCP : Hazard Analysis Critical Control Point). Elle se veut de type familial. Nous apportons un soin particulier \u00e0 qualit\u00e9 des produits.<\/p>\n<h2>Les frais de sant\u00e9<\/h2>\n<p>S\u2019il y a n\u00e9cessit\u00e9 d\u2019acte m\u00e9dical, les frais de sant\u00e9 rembours\u00e9s par la s\u00e9curit\u00e9 sociale seront demand\u00e9s aux familles \u00e0 la fin du s\u00e9jour.<\/p>\n<h2>Inscription<\/h2>\n<p>Renvoyez le bulletin d\u2019inscription ad\u00e9quat d\u00fbment rempli. L\u2019inscription est effective \u00e0 l\u2019encaissement de l\u2019acompte.<\/p>\n<h2>Prix des s\u00e9jours<\/h2>\n<p>Les prix sont indiqu\u00e9s sur la plaquette. Le solde devra \u00eatre r\u00e9gl\u00e9 imp\u00e9rativement avant le d\u00e9but du s\u00e9jour.<br \/>\nLes bons de vacances sont \u00e0 d\u00e9duire et les ch\u00e8ques vacances sont accept\u00e9s.<\/p>\n<h2>Assurances<\/h2>\n<p>Sont comprises dans le prix : la cotisation \u00e0 l\u2019association, la couverture d\u2019une assurance responsabilit\u00e9 civile, l\u2019assurance rapatriement pour les camps \u00e0 l\u2019\u00e9tranger ainsi qu\u2019une assurance en cas de perte ou de vol des bagages.<\/p>\n<h2>L\u2019encadrement<\/h2>\n<p>L\u2019animation des s\u00e9jours est assur\u00e9e par des responsables b\u00e9n\u00e9voles et form\u00e9s, titulaires ou stagiaires BAFA (animateurs) et BAFD (directeurs). Par cet engagement, ils signifient leur d\u00e9sir de permettre au plus grand nombre de participer \u00e0 ces s\u00e9jours.<\/p>\n<!-- AddThis Advanced Settings generic via filter on the_content --><!-- AddThis Share Buttons generic via filter on the_content -->","protected":false},"excerpt":{"rendered":"<p>Les s\u00e9jours UCJG en quelques mots La participation de chacun, la d\u00e9couverte personnelle et de l\u2019autre, l\u2019expression, la cr\u00e9ation, le partage et la prise de responsabilit\u00e9 fondent et structurent nos [&hellip;]<!-- AddThis Advanced Settings generic via filter on get_the_excerpt --><!-- AddThis Share Buttons generic via filter on get_the_excerpt --><\/p>\n","protected":false},"author":1,"featured_media":948,"parent":0,"menu_order":0,"comment_status":"closed","ping_status":"open","template":"","meta":{"jetpack_post_was_ever_published":false,"footnotes":""},"class_list":["post-42","page","type-page","status-publish","has-post-thumbnail","hentry"],"jetpack_sharing_enabled":true,"jetpack_shortlink":"https:\/\/wp.me\/P8nbU3-G","_links":{"self":[{"href":"https:\/\/ucjgalsace.org\/cms\/wp-json\/wp\/v2\/pages\/42","targetHints":{"allow":["GET"]}}],"collection":[{"href":"https:\/\/ucjgalsace.org\/cms\/wp-json\/wp\/v2\/pages"}],"about":[{"href":"https:\/\/ucjgalsace.org\/cms\/wp-json\/wp\/v2\/types\/page"}],"author":[{"embeddable":true,"href":"https:\/\/ucjgalsace.org\/cms\/wp-json\/wp\/v2\/users\/1"}],"replies":[{"embeddable":true,"href":"https:\/\/ucjgalsace.org\/cms\/wp-json\/wp\/v2\/comments?post=42"}],"version-history":[{"count":3,"href":"https:\/\/ucjgalsace.org\/cms\/wp-json\/wp\/v2\/pages\/42\/revisions"}],"predecessor-version":[{"id":68,"href":"https:\/\/ucjgalsace.org\/cms\/wp-json\/wp\/v2\/pages\/42\/revisions\/68"}],"wp:featuredmedia":[{"embeddable":true,"href":"https:\/\/ucjgalsace.org\/cms\/wp-json\/wp\/v2\/media\/948"}],"wp:attachment":[{"href":"https:\/\/ucjgalsace.org\/cms\/wp-json\/wp\/v2\/media?parent=42"}],"curies":[{"name":"wp","href":"https:\/\/api.w.org\/{rel}","templated":true}]}}