{"id":432,"date":"2016-01-25T14:59:18","date_gmt":"2016-01-25T13:59:18","guid":{"rendered":"http:\/\/ucjgalsace.org\/cms\/?page_id=432"},"modified":"2022-02-05T13:03:54","modified_gmt":"2022-02-05T12:03:54","slug":"franco-allemand-a-la-mer","status":"publish","type":"page","link":"https:\/\/ucjgalsace.org\/cms\/franco-allemand-a-la-mer\/","title":{"rendered":"Franco-allemand \u00e0 la mer"},"content":{"rendered":"<p>Les YMCA-UCJG Alsace pr\u00e9sentent<\/p>\n<h1>Franco-allemand \u00e0 la mer<\/h1>\n<p><a href=\"http:\/\/ucjgalsace.org\/cms\/wp-content\/uploads\/2015\/02\/pic25_calendrier.jpg\"><img loading=\"lazy\" decoding=\"async\" class=\"alignnone size-full wp-image-108\" src=\"http:\/\/ucjgalsace.org\/cms\/wp-content\/uploads\/2015\/02\/pic25_calendrier.jpg\" alt=\"pic25_calendrier\" width=\"25\" height=\"25\" \/><\/a>\u00a0Du 11 au 23 juillet 2016 <a href=\"http:\/\/ucjgalsace.org\/cms\/wp-content\/uploads\/2015\/02\/pic25_age6.jpg\"><img loading=\"lazy\" decoding=\"async\" class=\"alignnone size-full wp-image-114\" src=\"http:\/\/ucjgalsace.org\/cms\/wp-content\/uploads\/2015\/02\/pic25_age6.jpg\" alt=\"pic25_age6\" width=\"25\" height=\"25\" \/><\/a>\u00a0S\u00e9jours pour les 13 \u00e0 16 ans<br \/>\n<a href=\"http:\/\/ucjgalsace.org\/cms\/wp-content\/uploads\/2015\/02\/pic25_lieu.jpg\"><img loading=\"lazy\" decoding=\"async\" class=\"alignnone size-full wp-image-112\" src=\"http:\/\/ucjgalsace.org\/cms\/wp-content\/uploads\/2015\/02\/pic25_lieu.jpg\" alt=\"pic25_lieu\" width=\"25\" height=\"25\" \/> <span style=\"color: #333333;\">Cap d&rsquo;Agde<\/span><\/a><\/p>\n<p>Les YMCA-UCJG Alsace et les CVJM-YMCA Erfurt s\u2019associent de nouveau pour te faire vivre une exp\u00e9rience franco-allemande unique dans la magnifique r\u00e9gion ensoleill\u00e9e sud de la France.<\/p>\n<p>Au programme : baignade et jeux de plage, visite de la cit\u00e9 m\u00e9di\u00e9vale de Carcassonne et de l\u2019ancienne cit\u00e9 grecque d\u2019Adge, , escalade, VTT dans les vignobles, jeux linguistiques\u2026 Des cours de surfs sont aussi accessibles avec un surcout. Convivialit\u00e9 et partage assur\u00e9s !<\/p>\n<p>Chaque jour tu auras l\u2019occasion d\u2019apprendre \u00e0 connaitre mieux nos amis Allemand ainsi que leur langue et leur culture, de mani\u00e8re ludique et hors du commun.<\/p>\n<p>Quelles que soient tes connaissances de la langue, si tu es simplement curieux et motiv\u00e9, ta place est avec nous !<\/p>\n<p>H\u00e9bergement : en tente marabout avec matelas confortables<br \/>\nNombre de participants : 15 jeunes de chaque nationalit\u00e9<br \/>\nLieu: Camping LA TAMA, 4 rue du commandant Malet, 34300 Agde<\/p>\n<p>Tarif: 480\u20ac, voyage au d\u00e9part de Strasbourg\u00a0compris<br \/>\nAgr\u00e9ments: Jeunesse et Sports, et \u00c9ducation Populaire<\/p>\n<p>Cliquez ici pour afficher la <a href=\"http:\/\/ucjgalsace.org\/cms\/wp-content\/uploads\/2016\/01\/S\u00e9jours-jeunes-2016-franco-allemand1.pdf\" target=\"_blank\" rel=\"noopener noreferrer\">plaquette du s\u00e9jour franco-allemand \u00e0 la mer<\/a>.<\/p>\n<p>Pour vous inscrire, veuillez nous renvoyer la\u00a0<a href=\"http:\/\/ucjgalsace.org\/cms\/wp-content\/uploads\/2016\/01\/fiche-dinscription-camps-jeunes-2016.pdf\" target=\"_blank\" rel=\"noopener noreferrer\">fiche d&rsquo;inscription<\/a> compl\u00e9t\u00e9e et sign\u00e9e ainsi qu&rsquo;un ch\u00e8que d&rsquo;acompte de 150\u20ac par enfant.<\/p>\n<p>Vous pouvez vous pr\u00e9-inscrire <a title=\"Pr\u00e9-inscription \u00e0 un camp\" href=\"http:\/\/ucjgalsace.org\/cms\/pre-inscription-a-un-camp\/\" target=\"_blank\" rel=\"noopener noreferrer\">ici<\/a>.\u00a0 La place est r\u00e9serv\u00e9e pendant 10 jours en attendant de recevoir la fiche d&rsquo;inscription.<\/p>\n<p>&nbsp;<\/p>\n<!-- AddThis Advanced Settings generic via filter on the_content --><!-- AddThis Share Buttons generic via filter on the_content -->","protected":false},"excerpt":{"rendered":"<p>Les YMCA-UCJG Alsace pr\u00e9sentent Franco-allemand \u00e0 la mer \u00a0Du 11 au 23 juillet 2016 \u00a0S\u00e9jours pour les 13 \u00e0 16 ans Cap d&rsquo;Agde Les YMCA-UCJG Alsace et les CVJM-YMCA Erfurt [&hellip;]<!-- AddThis Advanced Settings generic via filter on get_the_excerpt --><!-- AddThis Share Buttons generic via filter on get_the_excerpt --><\/p>\n","protected":false},"author":4,"featured_media":435,"parent":0,"menu_order":0,"comment_status":"open","ping_status":"open","template":"","meta":{"jetpack_post_was_ever_published":false,"footnotes":""},"class_list":["post-432","page","type-page","status-publish","has-post-thumbnail","hentry"],"jetpack_sharing_enabled":true,"jetpack_shortlink":"https:\/\/wp.me\/P8nbU3-6Y","_links":{"self":[{"href":"https:\/\/ucjgalsace.org\/cms\/wp-json\/wp\/v2\/pages\/432","targetHints":{"allow":["GET"]}}],"collection":[{"href":"https:\/\/ucjgalsace.org\/cms\/wp-json\/wp\/v2\/pages"}],"about":[{"href":"https:\/\/ucjgalsace.org\/cms\/wp-json\/wp\/v2\/types\/page"}],"author":[{"embeddable":true,"href":"https:\/\/ucjgalsace.org\/cms\/wp-json\/wp\/v2\/users\/4"}],"replies":[{"embeddable":true,"href":"https:\/\/ucjgalsace.org\/cms\/wp-json\/wp\/v2\/comments?post=432"}],"version-history":[{"count":11,"href":"https:\/\/ucjgalsace.org\/cms\/wp-json\/wp\/v2\/pages\/432\/revisions"}],"predecessor-version":[{"id":1903,"href":"https:\/\/ucjgalsace.org\/cms\/wp-json\/wp\/v2\/pages\/432\/revisions\/1903"}],"wp:featuredmedia":[{"embeddable":true,"href":"https:\/\/ucjgalsace.org\/cms\/wp-json\/wp\/v2\/media\/435"}],"wp:attachment":[{"href":"https:\/\/ucjgalsace.org\/cms\/wp-json\/wp\/v2\/media?parent=432"}],"curies":[{"name":"wp","href":"https:\/\/api.w.org\/{rel}","templated":true}]}}