{"id":437,"date":"2016-01-25T15:16:35","date_gmt":"2016-01-25T14:16:35","guid":{"rendered":"http:\/\/ucjgalsace.org\/cms\/?page_id=437"},"modified":"2017-01-12T17:39:36","modified_gmt":"2017-01-12T16:39:36","slug":"tri-national-franco-allemand-neerlandais","status":"publish","type":"page","link":"https:\/\/ucjgalsace.org\/cms\/les-6-camps-dete-2016\/tri-national-franco-allemand-neerlandais\/","title":{"rendered":"Tri-national : franco-allemand-n\u00e9erlandais 2016"},"content":{"rendered":"<p>Les YMCA-UCJG Alsace pr\u00e9sentent<\/p>\n<h1>Tri-national: \u00a0franco-allemand-n\u00e9erlandais<\/h1>\n<p><a href=\"http:\/\/ucjgalsace.org\/cms\/wp-content\/uploads\/2015\/02\/pic25_calendrier.jpg\"><img loading=\"lazy\" decoding=\"async\" class=\"alignnone size-full wp-image-108\" src=\"http:\/\/ucjgalsace.org\/cms\/wp-content\/uploads\/2015\/02\/pic25_calendrier.jpg\" alt=\"pic25_calendrier\" width=\"25\" height=\"25\" \/><\/a>\u00a0Du 27 juillet au 5 aout 2016 <a href=\"http:\/\/ucjgalsace.org\/cms\/wp-content\/uploads\/2015\/02\/pic25_age6.jpg\"><img loading=\"lazy\" decoding=\"async\" class=\"alignnone size-full wp-image-114\" src=\"http:\/\/ucjgalsace.org\/cms\/wp-content\/uploads\/2015\/02\/pic25_age6.jpg\" alt=\"pic25_age6\" width=\"25\" height=\"25\" \/><\/a>\u00a0S\u00e9jours pour les 12 \u00e0 15 ans<br \/>\n<a href=\"http:\/\/ucjgalsace.org\/cms\/wp-content\/uploads\/2015\/02\/pic25_lieu.jpg\"><img loading=\"lazy\" decoding=\"async\" class=\"alignnone size-full wp-image-112\" src=\"http:\/\/ucjgalsace.org\/cms\/wp-content\/uploads\/2015\/02\/pic25_lieu.jpg\" alt=\"pic25_lieu\" width=\"25\" height=\"25\" \/> <span style=\"color: #333333;\">Camp Joubert<\/span><\/a><\/p>\n<p>A Joubert, tu trouveras tout ce qu\u2019il faut pour inventer ensemble un temps de vacances unique et cr\u00e9er de belles amiti\u00e9s. Cette ann\u00e9e, l\u2019accent est mis sur la rencontre interculturelle et ces amiti\u00e9s seront fran\u00e7aises, allemandes et n\u00e9erlandaises\u00a0!<\/p>\n<p>Qu\u2019est-ce qu\u2019on va faire demain\u00a0? Est-ce qu\u2019on peut partir en randonn\u00e9e, pr\u00e9parer un spectacle, cuisiner, organiser un tournois de je-ne-sais-quoi, ou simplement prendre le temps de se retrouver entre copains, de bouquiner ou de r\u00eaver\u2026? Au petit d\u00e9jeuner, y aura-t-il des croissants et des tartines, ou du jambon-fromage et des petits pains ? Chacun pourra proposer des activit\u00e9s et de son pays et bien s\u00fbr des activit\u00e9s internationales, comme le foot ou la baignade\u00a0!<\/p>\n<p>Pas besoin de bien parler allemand ou n\u00e9erlandais, tu pourras parler ta langue, celle de l\u2019autre ou l\u2019anglais. L\u2019important, c\u2019est ton envie de rencontrer l\u2019autre\u00a0!<\/p>\n<p>Dans un cadre naturel magnifique, viens d\u00e9couvrir d\u2019autres cultures et repars enrichi(e) de vos diff\u00e9rences\u00a0!<\/p>\n<p>H\u00e9bergement : en chalets de 7 personnes<br \/>\nNombre de participants : 12 jeunes de chaque nationalit\u00e9<br \/>\nLieu: Camp Joubert, 43400 Le\u00a0Chambon-sur-Lignon<\/p>\n<p>Tarif: 380\u20ac, voyage au d\u00e9part de Strasbourg\u00a0compris<br \/>\nAgr\u00e9ments: Jeunesse et Sports, et \u00c9ducation Populaire<\/p>\n<p>Cliquez ici pour afficher la <a href=\"http:\/\/ucjgalsace.org\/cms\/wp-content\/uploads\/2016\/01\/S\u00e9jours-jeunes-2016-3-Nations.pdf\">plaquette du s\u00e9jour 3 Nations<\/a>.<\/p>\n<p>Pour vous inscrire, veuillez nous renvoyer la\u00a0<a href=\"http:\/\/ucjgalsace.org\/cms\/wp-content\/uploads\/2016\/01\/fiche-dinscription-camps-jeunes-2016.pdf\" target=\"_blank\">fiche d&rsquo;inscription<\/a> compl\u00e9t\u00e9e et sign\u00e9e ainsi qu&rsquo;un ch\u00e8que d&rsquo;acompte de 150\u20ac par jeune.<\/p>\n<p>Vous pouvez vous pr\u00e9-inscrire <a title=\"Pr\u00e9-inscription \u00e0 un camp\" href=\"http:\/\/ucjgalsace.org\/cms\/pre-inscription-a-un-camp\/\" target=\"_blank\">ici<\/a>.\u00a0 La place est r\u00e9serv\u00e9e pendant 10 jours en attendant de recevoir la fiche d&rsquo;inscription.<\/p>\n<p>&nbsp;<\/p>\n<p>&nbsp;<\/p>\n<!-- AddThis Advanced Settings generic via filter on the_content --><!-- AddThis Share Buttons generic via filter on the_content -->","protected":false},"excerpt":{"rendered":"<p>Les YMCA-UCJG Alsace pr\u00e9sentent Tri-national: \u00a0franco-allemand-n\u00e9erlandais \u00a0Du 27 juillet au 5 aout 2016 \u00a0S\u00e9jours pour les 12 \u00e0 15 ans Camp Joubert A Joubert, tu trouveras tout ce qu\u2019il faut [&hellip;]<!-- AddThis Advanced Settings generic via filter on get_the_excerpt --><!-- AddThis Share Buttons generic via filter on get_the_excerpt --><\/p>\n","protected":false},"author":4,"featured_media":418,"parent":332,"menu_order":0,"comment_status":"open","ping_status":"open","template":"","meta":{"jetpack_post_was_ever_published":false,"footnotes":""},"class_list":["post-437","page","type-page","status-publish","has-post-thumbnail","hentry"],"jetpack_sharing_enabled":true,"jetpack_shortlink":"https:\/\/wp.me\/P8nbU3-73","_links":{"self":[{"href":"https:\/\/ucjgalsace.org\/cms\/wp-json\/wp\/v2\/pages\/437","targetHints":{"allow":["GET"]}}],"collection":[{"href":"https:\/\/ucjgalsace.org\/cms\/wp-json\/wp\/v2\/pages"}],"about":[{"href":"https:\/\/ucjgalsace.org\/cms\/wp-json\/wp\/v2\/types\/page"}],"author":[{"embeddable":true,"href":"https:\/\/ucjgalsace.org\/cms\/wp-json\/wp\/v2\/users\/4"}],"replies":[{"embeddable":true,"href":"https:\/\/ucjgalsace.org\/cms\/wp-json\/wp\/v2\/comments?post=437"}],"version-history":[{"count":8,"href":"https:\/\/ucjgalsace.org\/cms\/wp-json\/wp\/v2\/pages\/437\/revisions"}],"predecessor-version":[{"id":773,"href":"https:\/\/ucjgalsace.org\/cms\/wp-json\/wp\/v2\/pages\/437\/revisions\/773"}],"up":[{"embeddable":true,"href":"https:\/\/ucjgalsace.org\/cms\/wp-json\/wp\/v2\/pages\/332"}],"wp:featuredmedia":[{"embeddable":true,"href":"https:\/\/ucjgalsace.org\/cms\/wp-json\/wp\/v2\/media\/418"}],"wp:attachment":[{"href":"https:\/\/ucjgalsace.org\/cms\/wp-json\/wp\/v2\/media?parent=437"}],"curies":[{"name":"wp","href":"https:\/\/api.w.org\/{rel}","templated":true}]}}