{"id":774,"date":"2017-01-12T17:54:05","date_gmt":"2017-01-12T16:54:05","guid":{"rendered":"http:\/\/ucjgalsace.org\/cms\/?page_id=774"},"modified":"2018-07-23T08:15:03","modified_gmt":"2018-07-23T07:15:03","slug":"les-camps-de-lete-2018","status":"publish","type":"page","link":"https:\/\/ucjgalsace.org\/cms\/les-camps-de-lete-2018\/","title":{"rendered":"Les camps de l&rsquo;\u00e9t\u00e9 2018"},"content":{"rendered":"<div id=\"pl-774\"  class=\"panel-layout\" ><div id=\"pg-774-0\"  class=\"panel-grid panel-no-style\" ><div id=\"pgc-774-0-0\"  class=\"panel-grid-cell\" ><div id=\"panel-774-0-0-0\" class=\"so-panel widget widget_sow-hero panel-first-child panel-last-child\" data-index=\"0\" ><div\n\t\t\t\n\t\t\tclass=\"so-widget-sow-hero so-widget-sow-hero-default-1791198de491-774 so-widget-fittext-wrapper\"\n\t\t\t data-fit-text-compressor=\"0.85\"\n\t\t>\t\t\t\t<div class=\"sow-slider-base\" style=\"display: none\" tabindex=\"0\">\n\t\t\t\t\t<ul\n\t\t\t\t\tclass=\"sow-slider-images\"\n\t\t\t\t\tdata-settings=\"{&quot;pagination&quot;:true,&quot;speed&quot;:800,&quot;timeout&quot;:8000,&quot;paused&quot;:false,&quot;pause_on_hover&quot;:false,&quot;swipe&quot;:true,&quot;nav_always_show_desktop&quot;:&quot;&quot;,&quot;nav_always_show_mobile&quot;:&quot;&quot;,&quot;breakpoint&quot;:&quot;780px&quot;,&quot;unmute&quot;:false,&quot;anchor&quot;:null}\"\n\t\t\t\t\t\t\t\t\t\tdata-anchor-id=\"\"\n\t\t\t\t>\t\t<li class=\"sow-slider-image  sow-slider-image-cover\" style=\"visibility: visible;;background-color: #333333\" >\n\t\t\t\t\t<div class=\"sow-slider-image-container\">\n\t\t\t<div class=\"sow-slider-image-wrapper\">\n\t\t\t\t<h1 style=\"text-align: center\"><span style=\"color: #ffffff\"><strong>Les camps de l'\u00e9t\u00e9<\/strong><\/span><\/h1><div class=\"sow-hero-buttons\" style=\"text-align: center\"><div\n\t\t\t\n\t\t\tclass=\"so-widget-sow-button so-widget-sow-button-flat-5b47567d1eb5\"\n\t\t\t\n\t\t><div class=\"ow-button-base ow-button-align-left\"\n>\n\t\t\t<a\n\t\t\t\t\thref=\"https:\/\/ucjgalsace.org\/cms\/pre-inscription-a-un-camp\/\"\n\t\t\t\t\tclass=\"sowb-button ow-icon-placement-left\" \t>\n\t\t<span>\n\t\t\t<span class=\"sow-icon-fontawesome sow-fas\" data-sow-icon=\"&#xf105;\"\n\t\tstyle=\"\" \n\t\taria-hidden=\"true\"><\/span>\n\t\t\tPr\u00e9-inscrire mon enfant\t\t<\/span>\n\t\t\t<\/a>\n\t<\/div>\n<\/div><\/div>\t\t\t<\/div>\n\t\t<\/div>\n\t\t<div class=\"sow-slider-image-overlay sow-slider-image-cover\" style=\"opacity: 0.5;background-image: url(https:\/\/ucjgalsace.org\/cms\/wp-content\/uploads\/2015\/02\/IMG_5585.jpg)\"  ><\/div>\t\t<\/li>\n\t\t<\/ul>\t\t\t\t<ol class=\"sow-slider-pagination\">\n\t\t\t\t\t\t\t\t\t\t\t<li><a href=\"#\" data-goto=\"0\" aria-label=\"Display slide 1\"><\/a><\/li>\n\t\t\t\t\t\t\t\t\t<\/ol>\n\n\t\t\t\t<div class=\"sow-slide-nav sow-slide-nav-next\">\n\t\t\t\t\t<a href=\"#\" data-goto=\"next\" aria-label=\"Next slide\" data-action=\"next\">\n\t\t\t\t\t\t<em class=\"sow-sld-icon-thin-right\"><\/em>\n\t\t\t\t\t<\/a>\n\t\t\t\t<\/div>\n\n\t\t\t\t<div class=\"sow-slide-nav sow-slide-nav-prev\">\n\t\t\t\t\t<a href=\"#\" data-goto=\"previous\" aria-label=\"Previous slide\" data-action=\"prev\">\n\t\t\t\t\t\t<em class=\"sow-sld-icon-thin-left\"><\/em>\n\t\t\t\t\t<\/a>\n\t\t\t\t<\/div>\n\t\t\t\t<\/div><\/div><\/div><\/div><\/div><div id=\"pg-774-1\"  class=\"panel-grid panel-no-style\" ><div id=\"pgc-774-1-0\"  class=\"panel-grid-cell\" ><div id=\"panel-774-1-0-0\" class=\"so-panel widget widget_sow-image panel-first-child\" data-index=\"1\" ><div\n\t\t\t\n\t\t\tclass=\"so-widget-sow-image so-widget-sow-image-default-8b5b6f678277-774\"\n\t\t\t\n\t\t>\n<div class=\"sow-image-container\">\n\t\t\t<a href=\"https:\/\/ucjgalsace.org\/cms\/les-camps-de-lete-2018\/ptit-camp-2018\/\"\n\t\t\t\t\t>\n\t\t\t<img \n\tsrc=\"https:\/\/ucjgalsace.org\/cms\/wp-content\/uploads\/2017\/01\/1437352265.4917_4l-750x500.jpg\" width=\"750\" height=\"500\" srcset=\"https:\/\/ucjgalsace.org\/cms\/wp-content\/uploads\/2017\/01\/1437352265.4917_4l-750x500.jpg 750w, https:\/\/ucjgalsace.org\/cms\/wp-content\/uploads\/2017\/01\/1437352265.4917_4l-272x182.jpg 272w\" sizes=\"(max-width: 750px) 100vw, 750px\" alt=\"\" \t\tclass=\"so-widget-image\"\/>\n\t\t\t<\/a><\/div>\n\n<\/div><\/div><div id=\"panel-774-1-0-1\" class=\"so-panel widget widget_sow-editor\" data-index=\"2\" ><div\n\t\t\t\n\t\t\tclass=\"so-widget-sow-editor so-widget-sow-editor-base\"\n\t\t\t\n\t\t><h3 class=\"widget-title\">P'tit Camp<\/h3>\n<div class=\"siteorigin-widget-tinymce textwidget\">\n\t<p>S\u00e9jour pour les 6-10 ans dans les Vosges. Du 8 au 21 Juillet 2018<\/p>\n<p><span style=\"color: #ff0000;\"><strong><span style=\"color: #ff0000;\">Camp termin\u00e9 !<\/span><br \/><\/strong><\/span><\/p>\n<\/div>\n<\/div><\/div><div id=\"panel-774-1-0-2\" class=\"so-panel widget widget_sow-button\" data-index=\"3\" ><div\n\t\t\t\n\t\t\tclass=\"so-widget-sow-button so-widget-sow-button-wire-1cd2e50738cb-774\"\n\t\t\t\n\t\t><div class=\"ow-button-base ow-button-align-left\"\n>\n\t\t\t<a\n\t\t\t\t\thref=\"https:\/\/ucjgalsace.org\/cms\/les-camps-de-lete-2018\/ptit-camp-2018\/\"\n\t\t\t\t\tclass=\"sowb-button ow-icon-placement-left ow-button-hover\" \t>\n\t\t<span>\n\t\t\t<span class=\"sow-icon-fontawesome sow-fas\" data-sow-icon=\"&#xf105;\"\n\t\tstyle=\"color: #4f4f4f\" \n\t\taria-hidden=\"true\"><\/span>\n\t\t\tVoir\t\t<\/span>\n\t\t\t<\/a>\n\t<\/div>\n<\/div><\/div><div id=\"panel-774-1-0-3\" class=\"so-panel widget widget_sow-button panel-last-child\" data-index=\"4\" ><div\n\t\t\t\n\t\t\tclass=\"so-widget-sow-button so-widget-sow-button-wire-1cd2e50738cb-774\"\n\t\t\t\n\t\t><div class=\"ow-button-base ow-button-align-left\"\n>\n\t\t\t<a\n\t\t\t\t\thref=\"http:\/\/ucjgalsace.org\/cms\/wp-content\/uploads\/2018\/03\/Ptit-Camp.pdf\"\n\t\t\t\t\tclass=\"sowb-button ow-icon-placement-left ow-button-hover\" target=\"_blank\" rel=\"noopener noreferrer\" \t>\n\t\t<span>\n\t\t\t<span class=\"sow-icon-fontawesome sow-fas\" data-sow-icon=\"&#xf105;\"\n\t\tstyle=\"color: #4f4f4f\" \n\t\taria-hidden=\"true\"><\/span>\n\t\t\tFlyer\t\t<\/span>\n\t\t\t<\/a>\n\t<\/div>\n<\/div><\/div><\/div><div id=\"pgc-774-1-1\"  class=\"panel-grid-cell\" ><div id=\"panel-774-1-1-0\" class=\"so-panel widget widget_sow-image panel-first-child\" data-index=\"5\" ><div\n\t\t\t\n\t\t\tclass=\"so-widget-sow-image so-widget-sow-image-default-8b5b6f678277-774\"\n\t\t\t\n\t\t>\n<div class=\"sow-image-container\">\n\t\t\t<a href=\"https:\/\/ucjgalsace.org\/cms\/les-camps-de-lete-2018\/creado-2018\/\"\n\t\t\t\t\t>\n\t\t\t<img \n\tsrc=\"https:\/\/ucjgalsace.org\/cms\/wp-content\/uploads\/2016\/11\/DSC_0440.jpg\" width=\"750\" height=\"497\" srcset=\"https:\/\/ucjgalsace.org\/cms\/wp-content\/uploads\/2016\/11\/DSC_0440.jpg 4928w, https:\/\/ucjgalsace.org\/cms\/wp-content\/uploads\/2016\/11\/DSC_0440-420x278.jpg 420w, https:\/\/ucjgalsace.org\/cms\/wp-content\/uploads\/2016\/11\/DSC_0440-744x493.jpg 744w, https:\/\/ucjgalsace.org\/cms\/wp-content\/uploads\/2016\/11\/DSC_0440-1200x795.jpg 1200w\" sizes=\"(max-width: 750px) 100vw, 750px\" title=\"dsc_0440\" alt=\"\" \t\tclass=\"so-widget-image\"\/>\n\t\t\t<\/a><\/div>\n\n<\/div><\/div><div id=\"panel-774-1-1-1\" class=\"so-panel widget widget_sow-editor\" data-index=\"6\" ><div\n\t\t\t\n\t\t\tclass=\"so-widget-sow-editor so-widget-sow-editor-base\"\n\t\t\t\n\t\t><h3 class=\"widget-title\">Cr\u00e9'Ado<\/h3>\n<div class=\"siteorigin-widget-tinymce textwidget\">\n\t<p>S\u00e9jour pour les 11-14 ans\u00a0au Camp Joubert. Du 8 au 21 Juillet 2018<\/p>\n<p><span style=\"color: #ff0000;\"><strong>Camp termin\u00e9 !<\/strong><\/span><\/p>\n<\/div>\n<\/div><\/div><div id=\"panel-774-1-1-2\" class=\"so-panel widget widget_sow-button\" data-index=\"7\" ><div\n\t\t\t\n\t\t\tclass=\"so-widget-sow-button so-widget-sow-button-wire-1cd2e50738cb-774\"\n\t\t\t\n\t\t><div class=\"ow-button-base ow-button-align-left\"\n>\n\t\t\t<a\n\t\t\t\t\thref=\"https:\/\/ucjgalsace.org\/cms\/les-camps-de-lete-2018\/creado-2018\/\"\n\t\t\t\t\tclass=\"sowb-button ow-icon-placement-left ow-button-hover\" \t>\n\t\t<span>\n\t\t\t<span class=\"sow-icon-fontawesome sow-fas\" data-sow-icon=\"&#xf105;\"\n\t\tstyle=\"color: #4f4f4f\" \n\t\taria-hidden=\"true\"><\/span>\n\t\t\tVoir\t\t<\/span>\n\t\t\t<\/a>\n\t<\/div>\n<\/div><\/div><div id=\"panel-774-1-1-3\" class=\"so-panel widget widget_sow-button panel-last-child\" data-index=\"8\" ><div\n\t\t\t\n\t\t\tclass=\"so-widget-sow-button so-widget-sow-button-wire-1cd2e50738cb-774\"\n\t\t\t\n\t\t><div class=\"ow-button-base ow-button-align-left\"\n>\n\t\t\t<a\n\t\t\t\t\thref=\"http:\/\/ucjgalsace.org\/cms\/wp-content\/uploads\/2018\/03\/Cr\u00e9Ado.pdf\"\n\t\t\t\t\tclass=\"sowb-button ow-icon-placement-left ow-button-hover\" target=\"_blank\" rel=\"noopener noreferrer\" \t>\n\t\t<span>\n\t\t\t<span class=\"sow-icon-fontawesome sow-fas\" data-sow-icon=\"&#xf105;\"\n\t\tstyle=\"color: #4f4f4f\" \n\t\taria-hidden=\"true\"><\/span>\n\t\t\tFlyer\t\t<\/span>\n\t\t\t<\/a>\n\t<\/div>\n<\/div><\/div><\/div><div id=\"pgc-774-1-2\"  class=\"panel-grid-cell\" ><div id=\"panel-774-1-2-0\" class=\"so-panel widget widget_sow-image panel-first-child\" data-index=\"9\" ><div\n\t\t\t\n\t\t\tclass=\"so-widget-sow-image so-widget-sow-image-default-8b5b6f678277-774\"\n\t\t\t\n\t\t>\n<div class=\"sow-image-container\">\n\t\t\t<a href=\"https:\/\/ucjgalsace.org\/cms\/les-camps-de-lete-2018\/raid-aventure-2018\/\"\n\t\t\t\t\t>\n\t\t\t<img \n\tsrc=\"https:\/\/ucjgalsace.org\/cms\/wp-content\/uploads\/2017\/01\/11800184_10207081457699340_8737502648709532394_n-750x500.jpg\" width=\"750\" height=\"500\" srcset=\"https:\/\/ucjgalsace.org\/cms\/wp-content\/uploads\/2017\/01\/11800184_10207081457699340_8737502648709532394_n-750x500.jpg 750w, https:\/\/ucjgalsace.org\/cms\/wp-content\/uploads\/2017\/01\/11800184_10207081457699340_8737502648709532394_n-272x182.jpg 272w\" sizes=\"(max-width: 750px) 100vw, 750px\" alt=\"\" \t\tclass=\"so-widget-image\"\/>\n\t\t\t<\/a><\/div>\n\n<\/div><\/div><div id=\"panel-774-1-2-1\" class=\"so-panel widget widget_sow-editor\" data-index=\"10\" ><div\n\t\t\t\n\t\t\tclass=\"so-widget-sow-editor so-widget-sow-editor-base\"\n\t\t\t\n\t\t><h3 class=\"widget-title\">Raid Aventure<\/h3>\n<div class=\"siteorigin-widget-tinymce textwidget\">\n\t<p>S\u00e9jour pour les 15-17 ans\u00a0au Camp Joubert. Du 8 au 21 Juillet 2018<\/p>\n<h5><span style=\"color: #ff0000;\"><strong>Camp termin\u00e9 !<\/strong><\/span><\/h5>\n<\/div>\n<\/div><\/div><div id=\"panel-774-1-2-2\" class=\"so-panel widget widget_sow-button\" data-index=\"11\" ><div\n\t\t\t\n\t\t\tclass=\"so-widget-sow-button so-widget-sow-button-wire-1cd2e50738cb-774\"\n\t\t\t\n\t\t><div class=\"ow-button-base ow-button-align-left\"\n>\n\t\t\t<a\n\t\t\t\t\thref=\"https:\/\/ucjgalsace.org\/cms\/les-camps-de-lete-2018\/raid-aventure-2018\/\"\n\t\t\t\t\tclass=\"sowb-button ow-icon-placement-left ow-button-hover\" \t>\n\t\t<span>\n\t\t\t<span class=\"sow-icon-fontawesome sow-fas\" data-sow-icon=\"&#xf105;\"\n\t\tstyle=\"color: #4f4f4f\" \n\t\taria-hidden=\"true\"><\/span>\n\t\t\tVoir\t\t<\/span>\n\t\t\t<\/a>\n\t<\/div>\n<\/div><\/div><div id=\"panel-774-1-2-3\" class=\"so-panel widget widget_sow-button panel-last-child\" data-index=\"12\" ><div\n\t\t\t\n\t\t\tclass=\"so-widget-sow-button so-widget-sow-button-wire-1cd2e50738cb-774\"\n\t\t\t\n\t\t><div class=\"ow-button-base ow-button-align-left\"\n>\n\t\t\t<a\n\t\t\t\t\thref=\"http:\/\/ucjgalsace.org\/cms\/wp-content\/uploads\/2018\/03\/Raid-Aventure.pdf\"\n\t\t\t\t\tclass=\"sowb-button ow-icon-placement-left ow-button-hover\" target=\"_blank\" rel=\"noopener noreferrer\" \t>\n\t\t<span>\n\t\t\t<span class=\"sow-icon-fontawesome sow-fas\" data-sow-icon=\"&#xf105;\"\n\t\tstyle=\"color: #4f4f4f\" \n\t\taria-hidden=\"true\"><\/span>\n\t\t\tFlyer\t\t<\/span>\n\t\t\t<\/a>\n\t<\/div>\n<\/div><\/div><\/div><div id=\"pgc-774-1-3\"  class=\"panel-grid-cell\" ><div id=\"panel-774-1-3-0\" class=\"so-panel widget widget_sow-image panel-first-child\" data-index=\"13\" ><div\n\t\t\t\n\t\t\tclass=\"so-widget-sow-image so-widget-sow-image-default-8b5b6f678277-774\"\n\t\t\t\n\t\t>\n<div class=\"sow-image-container\">\n\t\t\t<a href=\"https:\/\/ucjgalsace.org\/cms\/les-camps-de-lete-2018\/cest-parti-pour-la-normandie\/\"\n\t\t\t\t\t>\n\t\t\t<img \n\tsrc=\"https:\/\/ucjgalsace.org\/cms\/wp-content\/uploads\/2017\/02\/agde-fr-de-2016_2016-07-26_13-13-24-750x500.jpg\" width=\"750\" height=\"500\" srcset=\"https:\/\/ucjgalsace.org\/cms\/wp-content\/uploads\/2017\/02\/agde-fr-de-2016_2016-07-26_13-13-24-750x500.jpg 750w, https:\/\/ucjgalsace.org\/cms\/wp-content\/uploads\/2017\/02\/agde-fr-de-2016_2016-07-26_13-13-24-272x182.jpg 272w\" sizes=\"(max-width: 750px) 100vw, 750px\" alt=\"\" \t\tclass=\"so-widget-image\"\/>\n\t\t\t<\/a><\/div>\n\n<\/div><\/div><div id=\"panel-774-1-3-1\" class=\"so-panel widget widget_sow-editor\" data-index=\"14\" ><div\n\t\t\t\n\t\t\tclass=\"so-widget-sow-editor so-widget-sow-editor-base\"\n\t\t\t\n\t\t><h3 class=\"widget-title\">C'est parti pour la Normandie !<\/h3>\n<div class=\"siteorigin-widget-tinymce textwidget\">\n\t<p>S\u00e9jour Franco-Allemand pour les 12-16 ans\u00a0en Normandie. Du 8 au 19 Juillet 2018<\/p>\n<p><span style=\"color: #ff0000;\"><strong>Camp termin\u00e9 !<\/strong><\/span><\/p>\n<\/div>\n<\/div><\/div><div id=\"panel-774-1-3-2\" class=\"so-panel widget widget_sow-button\" data-index=\"15\" ><div\n\t\t\t\n\t\t\tclass=\"so-widget-sow-button so-widget-sow-button-wire-1cd2e50738cb-774\"\n\t\t\t\n\t\t><div class=\"ow-button-base ow-button-align-left\"\n>\n\t\t\t<a\n\t\t\t\t\thref=\"https:\/\/ucjgalsace.org\/cms\/les-camps-de-lete-2018\/cest-parti-pour-la-normandie\/\"\n\t\t\t\t\tclass=\"sowb-button ow-icon-placement-left ow-button-hover\" \t>\n\t\t<span>\n\t\t\t<span class=\"sow-icon-fontawesome sow-fas\" data-sow-icon=\"&#xf105;\"\n\t\tstyle=\"color: #4f4f4f\" \n\t\taria-hidden=\"true\"><\/span>\n\t\t\tVoir\t\t<\/span>\n\t\t\t<\/a>\n\t<\/div>\n<\/div><\/div><div id=\"panel-774-1-3-3\" class=\"so-panel widget widget_sow-button panel-last-child\" data-index=\"16\" ><div\n\t\t\t\n\t\t\tclass=\"so-widget-sow-button so-widget-sow-button-wire-1cd2e50738cb-774\"\n\t\t\t\n\t\t><div class=\"ow-button-base ow-button-align-left\"\n>\n\t\t\t<a\n\t\t\t\t\thref=\"http:\/\/ucjgalsace.org\/cms\/wp-content\/uploads\/2018\/03\/Franco-Allemand-normandie.pdf\"\n\t\t\t\t\tclass=\"sowb-button ow-icon-placement-left ow-button-hover\" target=\"_blank\" rel=\"noopener noreferrer\" \t>\n\t\t<span>\n\t\t\t<span class=\"sow-icon-fontawesome sow-fas\" data-sow-icon=\"&#xf105;\"\n\t\tstyle=\"color: #4f4f4f\" \n\t\taria-hidden=\"true\"><\/span>\n\t\t\tFlyer\t\t<\/span>\n\t\t\t<\/a>\n\t<\/div>\n<\/div><\/div><\/div><div id=\"pgc-774-1-4\"  class=\"panel-grid-cell\" ><div id=\"panel-774-1-4-0\" class=\"so-panel widget widget_sow-image panel-first-child\" data-index=\"17\" ><div\n\t\t\t\n\t\t\tclass=\"so-widget-sow-image so-widget-sow-image-default-8b5b6f678277-774\"\n\t\t\t\n\t\t>\n<div class=\"sow-image-container\">\n\t\t\t<a href=\"https:\/\/ucjgalsace.org\/cms\/les-camps-de-lete-2018\/franco-espagnol\/\"\n\t\t\t\t\t>\n\t\t\t<img \n\tsrc=\"https:\/\/ucjgalsace.org\/cms\/wp-content\/uploads\/2018\/02\/Franco-Allemand_4-750x500.jpg\" width=\"750\" height=\"500\" srcset=\"https:\/\/ucjgalsace.org\/cms\/wp-content\/uploads\/2018\/02\/Franco-Allemand_4-750x500.jpg 750w, https:\/\/ucjgalsace.org\/cms\/wp-content\/uploads\/2018\/02\/Franco-Allemand_4-272x182.jpg 272w\" sizes=\"(max-width: 750px) 100vw, 750px\" alt=\"\" \t\tclass=\"so-widget-image\"\/>\n\t\t\t<\/a><\/div>\n\n<\/div><\/div><div id=\"panel-774-1-4-1\" class=\"so-panel widget widget_sow-editor\" data-index=\"18\" ><div\n\t\t\t\n\t\t\tclass=\"so-widget-sow-editor so-widget-sow-editor-base\"\n\t\t\t\n\t\t><h3 class=\"widget-title\">Tandem Franco-Espagnol<\/h3>\n<div class=\"siteorigin-widget-tinymce textwidget\">\n\t<p>S\u00e9jour Franco\/Espagnol pour les 13-16 ans \u00e0 2h de Madrid. Du 26 Juillet au 7 ao\u00fbt 2018<\/p>\n<p><span style=\"color: #ff0000;\"><strong>Report\u00e9 \u00e0 2019 !<\/strong><\/span><\/p>\n<\/div>\n<\/div><\/div><div id=\"panel-774-1-4-2\" class=\"so-panel widget widget_sow-button\" data-index=\"19\" ><div\n\t\t\t\n\t\t\tclass=\"so-widget-sow-button so-widget-sow-button-wire-1cd2e50738cb-774\"\n\t\t\t\n\t\t><div class=\"ow-button-base ow-button-align-left\"\n>\n\t\t\t<a\n\t\t\t\t\thref=\"https:\/\/ucjgalsace.org\/cms\/les-camps-de-lete-2018\/franco-espagnol\/\"\n\t\t\t\t\tclass=\"sowb-button ow-icon-placement-left ow-button-hover\" \t>\n\t\t<span>\n\t\t\t<span class=\"sow-icon-fontawesome sow-fas\" data-sow-icon=\"&#xf105;\"\n\t\tstyle=\"color: #4f4f4f\" \n\t\taria-hidden=\"true\"><\/span>\n\t\t\tVoir\t\t<\/span>\n\t\t\t<\/a>\n\t<\/div>\n<\/div><\/div><div id=\"panel-774-1-4-3\" class=\"so-panel widget widget_sow-button panel-last-child\" data-index=\"20\" ><div\n\t\t\t\n\t\t\tclass=\"so-widget-sow-button so-widget-sow-button-wire-1cd2e50738cb-774\"\n\t\t\t\n\t\t><div class=\"ow-button-base ow-button-align-left\"\n>\n\t\t\t<a\n\t\t\t\t\thref=\"http:\/\/ucjgalsace.org\/cms\/wp-content\/uploads\/2018\/03\/Franco-Espagnol.pdf\"\n\t\t\t\t\tclass=\"sowb-button ow-icon-placement-left ow-button-hover\" target=\"_blank\" rel=\"noopener noreferrer\" \t>\n\t\t<span>\n\t\t\t<span class=\"sow-icon-fontawesome sow-fas\" data-sow-icon=\"&#xf105;\"\n\t\tstyle=\"color: #4f4f4f\" \n\t\taria-hidden=\"true\"><\/span>\n\t\t\tFlyer\t\t<\/span>\n\t\t\t<\/a>\n\t<\/div>\n<\/div><\/div><\/div><\/div><div id=\"pg-774-2\"  class=\"panel-grid panel-no-style\" ><div id=\"pgc-774-2-0\"  class=\"panel-grid-cell\" ><div id=\"panel-774-2-0-0\" class=\"so-panel widget widget_sow-button panel-first-child panel-last-child\" data-index=\"21\" ><div\n\t\t\t\n\t\t\tclass=\"so-widget-sow-button so-widget-sow-button-flat-0d56867f686f-774\"\n\t\t\t\n\t\t><div class=\"ow-button-base ow-button-align-center\"\n>\n\t\t\t<a\n\t\t\t\t\thref=\"http:\/\/ucjgalsace.org\/cms\/wp-content\/uploads\/2018\/04\/fiche-dinscription-camps-jeunes-2018V2.pdf\"\n\t\t\t\t\tclass=\"sowb-button ow-icon-placement-left ow-button-hover\" target=\"_blank\" rel=\"noopener noreferrer\" \t>\n\t\t<span>\n\t\t\t<span class=\"sow-icon-fontawesome sow-fas\" data-sow-icon=\"&#xf105;\"\n\t\tstyle=\"color: #4f4f4f\" \n\t\taria-hidden=\"true\"><\/span>\n\t\t\tT\u00e9l\u00e9charger la fiche d'inscription\t\t<\/span>\n\t\t\t<\/a>\n\t<\/div>\n<\/div><\/div><\/div><\/div><\/div><!-- AddThis Advanced Settings generic via filter on the_content --><!-- AddThis Share Buttons generic via filter on the_content -->","protected":false},"excerpt":{"rendered":"<p>S\u00e9jour pour les 6-10 ans dans les Vosges. Du 8 au 21 Juillet 2018Camp termin\u00e9 ! S\u00e9jour pour les 11-14 ans\u00a0au Camp Joubert. Du 8 au 21 Juillet 2018Camp termin\u00e9 [&hellip;]<!-- AddThis Advanced Settings generic via filter on get_the_excerpt --><!-- AddThis Share Buttons generic via filter on get_the_excerpt --><\/p>\n","protected":false},"author":4,"featured_media":948,"parent":0,"menu_order":0,"comment_status":"open","ping_status":"open","template":"","meta":{"jetpack_post_was_ever_published":false,"footnotes":""},"class_list":["post-774","page","type-page","status-publish","has-post-thumbnail","hentry"],"jetpack_sharing_enabled":true,"jetpack_shortlink":"https:\/\/wp.me\/P8nbU3-cu","_links":{"self":[{"href":"https:\/\/ucjgalsace.org\/cms\/wp-json\/wp\/v2\/pages\/774","targetHints":{"allow":["GET"]}}],"collection":[{"href":"https:\/\/ucjgalsace.org\/cms\/wp-json\/wp\/v2\/pages"}],"about":[{"href":"https:\/\/ucjgalsace.org\/cms\/wp-json\/wp\/v2\/types\/page"}],"author":[{"embeddable":true,"href":"https:\/\/ucjgalsace.org\/cms\/wp-json\/wp\/v2\/users\/4"}],"replies":[{"embeddable":true,"href":"https:\/\/ucjgalsace.org\/cms\/wp-json\/wp\/v2\/comments?post=774"}],"version-history":[{"count":24,"href":"https:\/\/ucjgalsace.org\/cms\/wp-json\/wp\/v2\/pages\/774\/revisions"}],"predecessor-version":[{"id":780,"href":"https:\/\/ucjgalsace.org\/cms\/wp-json\/wp\/v2\/pages\/774\/revisions\/780"}],"wp:featuredmedia":[{"embeddable":true,"href":"https:\/\/ucjgalsace.org\/cms\/wp-json\/wp\/v2\/media\/948"}],"wp:attachment":[{"href":"https:\/\/ucjgalsace.org\/cms\/wp-json\/wp\/v2\/media?parent=774"}],"curies":[{"name":"wp","href":"https:\/\/api.w.org\/{rel}","templated":true}]}}